{"id":4004,"date":"2025-08-19T06:57:43","date_gmt":"2025-08-19T10:57:43","guid":{"rendered":"https:\/\/gastmfg.com\/products-copy\/"},"modified":"2025-09-23T22:20:07","modified_gmt":"2025-09-24T02:20:07","slug":"producten","status":"publish","type":"page","link":"https:\/\/gastmfg.com\/nl\/products\/","title":{"rendered":"Producten"},"content":{"rendered":"","protected":false},"excerpt":{"rendered":"","protected":false},"author":1,"featured_media":0,"parent":0,"menu_order":0,"comment_status":"closed","ping_status":"closed","template":"template-products.php","meta":{"_acf_changed":false,"_relevanssi_hide_post":"","_relevanssi_hide_content":"","_relevanssi_pin_for_all":"","_relevanssi_pin_keywords":"","_relevanssi_unpin_keywords":"","_relevanssi_related_keywords":"","_relevanssi_related_include_ids":"","_relevanssi_related_exclude_ids":"","_relevanssi_related_no_append":"","_relevanssi_related_not_related":"","_relevanssi_related_posts":"","_relevanssi_noindex_reason":"","inline_featured_image":false,"slim_seo":{"title":"Gast Producten | Luchtcompressoren, Motoren, Blazers &amp; Vacu\u00fcmtechnologie\u00ebn","description":"Ontdek Gast's volledige lijn van pneumatische producten - luchtcompressoren, vacu\u00fcmpompen, luchtmotoren, blowers en ge\u00efntegreerde systemen - aanpasbaar op basis van technologie, debiet, vermogen en smering voor oplossingen op maat."},"footnotes":""},"class_list":["post-4004","page","type-page","status-publish","hentry"],"acf":[],"_links":{"self":[{"href":"https:\/\/gastmfg.com\/nl\/wp-json\/wp\/v2\/pages\/4004","targetHints":{"allow":["GET"]}}],"collection":[{"href":"https:\/\/gastmfg.com\/nl\/wp-json\/wp\/v2\/pages"}],"about":[{"href":"https:\/\/gastmfg.com\/nl\/wp-json\/wp\/v2\/types\/page"}],"author":[{"embeddable":true,"href":"https:\/\/gastmfg.com\/nl\/wp-json\/wp\/v2\/users\/1"}],"replies":[{"embeddable":true,"href":"https:\/\/gastmfg.com\/nl\/wp-json\/wp\/v2\/comments?post=4004"}],"version-history":[{"count":0,"href":"https:\/\/gastmfg.com\/nl\/wp-json\/wp\/v2\/pages\/4004\/revisions"}],"wp:attachment":[{"href":"https:\/\/gastmfg.com\/nl\/wp-json\/wp\/v2\/media?parent=4004"}],"curies":[{"name":"wp","href":"https:\/\/api.w.org\/{rel}","templated":true}]}}