{"id":4167,"date":"2025-08-28T14:25:50","date_gmt":"2025-08-28T18:25:50","guid":{"rendered":"https:\/\/gastmfg.com\/cad-models-copy\/"},"modified":"2025-09-04T00:25:39","modified_gmt":"2025-09-04T04:25:39","slug":"modeles-cad","status":"publish","type":"page","link":"https:\/\/gastmfg.com\/fr\/cad-models\/","title":{"rendered":"Mod\u00e8les CAO"},"content":{"rendered":"","protected":false},"excerpt":{"rendered":"","protected":false},"author":1,"featured_media":0,"parent":0,"menu_order":0,"comment_status":"closed","ping_status":"closed","template":"template-document-type.php","meta":{"_acf_changed":false,"_relevanssi_hide_post":"","_relevanssi_hide_content":"","_relevanssi_pin_for_all":"","_relevanssi_pin_keywords":"","_relevanssi_unpin_keywords":"","_relevanssi_related_keywords":"","_relevanssi_related_include_ids":"","_relevanssi_related_exclude_ids":"","_relevanssi_related_no_append":"","_relevanssi_related_not_related":"","_relevanssi_related_posts":"","_relevanssi_noindex_reason":"","inline_featured_image":false,"slim_seo":{"title":"Gast CAD Models | T\u00e9l\u00e9charger des fichiers 3D pour des produits pneumatiques","description":"Parcourez et t\u00e9l\u00e9chargez les mod\u00e8les CAO des \u00e9quipements pneumatiques Gast (moteurs \u00e0 air, soufflantes, membranes, pistons, pistons \u00e0 bascule, palettes rotatives et syst\u00e8mes) au format STEP pour une int\u00e9gration transparente de la conception."},"footnotes":""},"class_list":["post-4167","page","type-page","status-publish","hentry"],"acf":[],"_links":{"self":[{"href":"https:\/\/gastmfg.com\/fr\/wp-json\/wp\/v2\/pages\/4167","targetHints":{"allow":["GET"]}}],"collection":[{"href":"https:\/\/gastmfg.com\/fr\/wp-json\/wp\/v2\/pages"}],"about":[{"href":"https:\/\/gastmfg.com\/fr\/wp-json\/wp\/v2\/types\/page"}],"author":[{"embeddable":true,"href":"https:\/\/gastmfg.com\/fr\/wp-json\/wp\/v2\/users\/1"}],"replies":[{"embeddable":true,"href":"https:\/\/gastmfg.com\/fr\/wp-json\/wp\/v2\/comments?post=4167"}],"version-history":[{"count":0,"href":"https:\/\/gastmfg.com\/fr\/wp-json\/wp\/v2\/pages\/4167\/revisions"}],"wp:attachment":[{"href":"https:\/\/gastmfg.com\/fr\/wp-json\/wp\/v2\/media?parent=4167"}],"curies":[{"name":"wp","href":"https:\/\/api.w.org\/{rel}","templated":true}]}}