{"id":4103,"date":"2025-08-19T19:47:10","date_gmt":"2025-08-19T23:47:10","guid":{"rendered":"https:\/\/gastmfg.com\/how-we-are-giving-back-copy\/"},"modified":"2025-09-24T10:32:53","modified_gmt":"2025-09-24T14:32:53","slug":"comment-nous-rendons-la-pareille","status":"publish","type":"page","link":"https:\/\/gastmfg.com\/fr\/how-we-are-giving-back\/","title":{"rendered":"Comment nous rendons service"},"content":{"rendered":"","protected":false},"excerpt":{"rendered":"","protected":false},"author":1,"featured_media":0,"parent":0,"menu_order":0,"comment_status":"closed","ping_status":"closed","template":"template-giving.php","meta":{"_acf_changed":false,"_relevanssi_hide_post":"","_relevanssi_hide_content":"","_relevanssi_pin_for_all":"","_relevanssi_pin_keywords":"","_relevanssi_unpin_keywords":"","_relevanssi_related_keywords":"","_relevanssi_related_include_ids":"","_relevanssi_related_exclude_ids":"","_relevanssi_related_no_append":"","_relevanssi_related_not_related":"","_relevanssi_related_posts":"","_relevanssi_noindex_reason":"","inline_featured_image":false,"slim_seo":{"title":"Gast Giving Back | Soutien \u00e0 la communaut\u00e9 et impact local","description":"D\u00e9couvrez comment Gast Manufacturing donne en retour - des heures de b\u00e9n\u00e9volat des employ\u00e9s et des collectes de fonds dans le comt\u00e9 de Berrien au soutien des garde-manger mobiles et des besoins des enfants en famille d'accueil."},"footnotes":""},"class_list":["post-4103","page","type-page","status-publish","hentry"],"acf":[],"_links":{"self":[{"href":"https:\/\/gastmfg.com\/fr\/wp-json\/wp\/v2\/pages\/4103","targetHints":{"allow":["GET"]}}],"collection":[{"href":"https:\/\/gastmfg.com\/fr\/wp-json\/wp\/v2\/pages"}],"about":[{"href":"https:\/\/gastmfg.com\/fr\/wp-json\/wp\/v2\/types\/page"}],"author":[{"embeddable":true,"href":"https:\/\/gastmfg.com\/fr\/wp-json\/wp\/v2\/users\/1"}],"replies":[{"embeddable":true,"href":"https:\/\/gastmfg.com\/fr\/wp-json\/wp\/v2\/comments?post=4103"}],"version-history":[{"count":0,"href":"https:\/\/gastmfg.com\/fr\/wp-json\/wp\/v2\/pages\/4103\/revisions"}],"wp:attachment":[{"href":"https:\/\/gastmfg.com\/fr\/wp-json\/wp\/v2\/media?parent=4103"}],"curies":[{"name":"wp","href":"https:\/\/api.w.org\/{rel}","templated":true}]}}