{"id":4098,"date":"2025-08-19T18:33:19","date_gmt":"2025-08-19T22:33:19","guid":{"rendered":"https:\/\/gastmfg.com\/privacy-policy-copy\/"},"modified":"2025-09-23T23:15:43","modified_gmt":"2025-09-24T03:15:43","slug":"declaration-de-confidentialite","status":"publish","type":"page","link":"https:\/\/gastmfg.com\/fr\/privacy-statement\/","title":{"rendered":"D\u00e9claration de confidentialit\u00e9"},"content":{"rendered":"<h5>1. Champ d'application et introduction pour tous les visiteurs du site web<\/h5>\n<p>La d\u00e9claration de confidentialit\u00e9 de Gast Manufacturing, Inc. (\" D\u00e9claration \") explique comment les donn\u00e9es personnelles sont collect\u00e9es, utilis\u00e9es et divulgu\u00e9es par Gast Manufacturing, Inc. lorsque les utilisateurs acc\u00e8dent et utilisent les services et les fonctionnalit\u00e9s offerts sur notre site Web (www.gastmfg.com) et sur tout autre site Web ou application mobile ayant un lien avec la pr\u00e9sente D\u00e9claration (les \" Sites \").<\/p>\n<p>La pr\u00e9sente d\u00e9claration est compl\u00e9t\u00e9e, et est incorpor\u00e9e dans le pr\u00e9sent document, par les documents suivants\u00a0<span style=\"color: #94c949;\"><a style=\"color: #94c949;\" href=\"https:\/\/gastmfg.com\/wp-content\/uploads\/2025\/08\/GAST_Cookie_Notice_0.pdf\" target=\"_blank\" rel=\"noopener\">Avis sur les cookies de Gast<\/a><\/span>, le\u00a0<span style=\"color: #94c949;\"><a style=\"color: #94c949;\" href=\"https:\/\/gastmfg.com\/wp-content\/uploads\/2025\/08\/GAST_Business_Contact_Privacy_Notice.pdf\" target=\"_blank\" rel=\"noopener\">Avis de confidentialit\u00e9 de Gast Business Contact,<\/a> <\/span>les\u00a0<span style=\"color: #94c949;\"><a style=\"color: #94c949;\" href=\"https:\/\/gastmfg.com\/wp-content\/uploads\/2025\/08\/GAST_Job_Applicant_Privacy_Notice.pdf\" target=\"_blank\" rel=\"noopener\">Avis de confidentialit\u00e9 des candidats \u00e0 l'emploi de Gast,<\/a><\/span> les\u00a0<span style=\"color: #94c949;\"><a style=\"color: #94c949;\" href=\"https:\/\/gastmfg.com\/wp-content\/uploads\/2025\/08\/GDPR_Privacy_Addendum_Corrected.pdf\" target=\"_blank\" rel=\"noopener\">Addendum sur la protection de la vie priv\u00e9e dans le cadre du GDPR,<\/a><\/span> les\u00a0<span style=\"color: #94c949;\"><a style=\"color: #94c949;\" href=\"https:\/\/gastmfg.com\/wp-content\/uploads\/2025\/08\/PIPL_Privacy_Addendum.pdf\" target=\"_blank\" rel=\"noopener\">Addendum sur la protection de la vie priv\u00e9e (PIPL),<\/a><\/span> et le<span style=\"color: #94c949;\"><a style=\"color: #94c949;\" href=\"https:\/\/gastmfg.com\/wp-content\/uploads\/2025\/08\/California_Privacy_Addendum_0.pdf\" target=\"_blank\" rel=\"noopener\">\u00a0Addendum sur la protection de la vie priv\u00e9e en Californie<\/a><\/span>.<\/p>\n<p>Utilisateurs internationaux des sites - des utilisateurs de diff\u00e9rents pays et \u00c9tats peuvent visiter les sites. La section 1 de la pr\u00e9sente d\u00e9claration s'applique \u00e0 tous les utilisateurs. En fonction de votre lieu de r\u00e9sidence, d'autres sections peuvent s'appliquer \u00e0 vous.<\/p>\n<h5>2. Collecte d'informations<\/h5>\n<p>Nous recueillons les informations suivantes sur notre site web :<\/p>\n<p><strong>a) Informations collect\u00e9es automatiquement :<\/strong><\/p>\n<p>Lorsque vous acc\u00e9dez \u00e0 nos sites ou les utilisez, nous recueillons automatiquement les informations suivantes, qui sont stock\u00e9es s\u00e9par\u00e9ment des autres donn\u00e9es que vous pouvez nous fournir. Nous utilisons ces informations pour vous fournir les sites, d\u00e9duire des informations statistiques et anonymes sur les utilisateurs des sites, et pour l'administration technique et la s\u00e9curit\u00e9 des sites :<\/p>\n<ul>\n<li><strong>Informations sur le journal<\/strong>\u00a0- Nous enregistrons des informations sur chaque session et sur l'utilisation des sites, y compris le type de navigateur que vous utilisez, les temps d'acc\u00e8s, les pages consult\u00e9es, votre adresse IP et la page que vous avez visit\u00e9e avant de vous rendre sur nos sites.<\/li>\n<li><strong>Informations sur l'appareil<\/strong>\u00a0- Nous recueillons des informations sur l'ordinateur ou l'appareil mobile que vous utilisez pour acc\u00e9der \u00e0 nos sites, y compris le mod\u00e8le de mat\u00e9riel, le syst\u00e8me d'exploitation et sa version, ainsi que des informations sur le r\u00e9seau mobile.<\/li>\n<li><strong>Informations collect\u00e9es par les cookies et autres technologies de suivi\u00a0<\/strong>- Nous utilisons diverses technologies pour collecter des informations, en particulier des cookies et des balises web. Les cookies sont de petits fichiers texte qu'un site web ou son fournisseur de services transf\u00e8re \u00e0 vos appareils, tels que les appareils mobiles ou les ordinateurs, par l'interm\u00e9diaire de votre navigateur web (si vous l'autorisez), ce qui permet aux syst\u00e8mes des sites web ou des fournisseurs de services de reconna\u00eetre votre navigateur et de capturer et de m\u00e9moriser certaines informations. Nous utilisons les cookies pour comprendre et enregistrer vos pr\u00e9f\u00e9rences pour vos prochaines visites et pour compiler des donn\u00e9es globales sur le trafic et l'interaction avec le site. Notre site Web et nos courriels peuvent \u00e9galement contenir de petits fichiers \u00e9lectroniques appel\u00e9s balises Web (\u00e9galement appel\u00e9es pixels invisibles, balises pixel et cadeaux \u00e0 pixel unique) qui permettent \u00e0 IDEX, par exemple, de compter le nombre d'utilisateurs qui ont visit\u00e9 ces pages du site Web ou ouvert un courriel et d'\u00e9tablir d'autres statistiques connexes (par exemple, d\u00e9terminer la popularit\u00e9 de certains contenus et v\u00e9rifier l'int\u00e9grit\u00e9 du serveur). Pour plus d'informations sur notre utilisation des cookies, veuillez consulter notre avis sur les cookies Gast.<\/li>\n<\/ul>\n<p><strong>b) Les informations que vous nous fournissez :<\/strong><\/p>\n<p>Nous recueillons \u00e9galement les informations que vous nous fournissez directement. Par exemple, lorsque vous visitez les sites, nous recueillons des informations lorsque vous demandez \u00e0 cr\u00e9er un compte, r\u00e9pondez \u00e0 une enqu\u00eate, participez \u00e0 des fonctions interactives des sites, vous inscrivez \u00e0 un bulletin d'information ou fournissez un retour d'information g\u00e9n\u00e9ral. Les types d'informations que nous pouvons recueillir comprennent votre nom, le nom de votre soci\u00e9t\u00e9, votre titre, votre adresse postale, votre num\u00e9ro de t\u00e9l\u00e9phone, votre adresse \u00e9lectronique et toute autre information que vous choisissez de fournir. Nous recueillons ces informations pour offrir la fonction que vous utilisez respectivement.<\/p>\n<p>&nbsp;<\/p>\n<h5>3. Utilisation des informations<\/h5>\n<ul>\n<li>Nous pouvons utiliser les informations vous concernant \u00e0 diverses fins, notamment :<\/li>\n<li>Fournir nos sites aux utilisateurs ; maintenir et am\u00e9liorer nos sites ;<\/li>\n<li>Fournir et am\u00e9liorer notre service \u00e0 la client\u00e8le, y compris r\u00e9pondre \u00e0 vos commentaires, questions et demandes (par exemple, des questions sur les produits ou des questions techniques) ;<\/li>\n<li>Analyser et g\u00e9rer nos activit\u00e9s ;<\/li>\n<li>l'\u00e9tablissement et la gestion de nos relations commerciales (par exemple, lorsque vous nous contactez en tant que client via l'un des sites et que nous relions cette demande \u00e0 votre compte commercial) ;<\/li>\n<li>Am\u00e9liorer notre s\u00e9curit\u00e9 informatique ;<\/li>\n<li>d\u00e9fendre nos int\u00e9r\u00eats l\u00e9gaux (par exemple, en cas de recours en cas d'attaques sur notre site web) ;<\/li>\n<li>Traitement des demandes d'emploi ;<\/li>\n<li>communiquer avec vous au sujet de services, d'offres, de promotions, de r\u00e9compenses et d'\u00e9v\u00e9nements propos\u00e9s par IDEX et d'autres parties ; et<\/li>\n<li>la r\u00e9alisation de toute autre finalit\u00e9 qui vous a \u00e9t\u00e9 d\u00e9crite au moment de la collecte des informations ou de toute autre finalit\u00e9 avec votre consentement<\/li>\n<\/ul>\n<p>Nous pouvons \u00e9galement utiliser vos informations pour vous contacter au sujet de nos propres produits et services susceptibles de vous int\u00e9resser. Si vous ne souhaitez pas que nous utilisions vos informations de cette mani\u00e8re, veuillez consulter la section du pr\u00e9sent avis de confidentialit\u00e9 intitul\u00e9e \"Choix concernant la mani\u00e8re dont nous utilisons et divulguons vos informations\".<\/p>\n<p>&nbsp;<\/p>\n<h5>4. Destinataires et cat\u00e9gories de destinataires des donn\u00e9es \u00e0 caract\u00e8re personnel<\/h5>\n<p>Nous ne partageons pas, ne vendons pas et ne divulguons pas les informations vous concernant \u00e0 des fins autres que celles d\u00e9crites dans la pr\u00e9sente d\u00e9claration. Toutefois, nous pouvons utiliser et divulguer des informations globales sur nos utilisateurs et d'autres informations qui ne permettent pas d'identifier raisonnablement un individu, sans restriction. Nous pouvons partager les informations vous concernant de la mani\u00e8re suivante ou selon d'autres modalit\u00e9s d\u00e9crites dans la pr\u00e9sente d\u00e9claration de confidentialit\u00e9 du site web et, dans chaque cas, uniquement en conformit\u00e9 avec la l\u00e9gislation applicable. Les destinataires ou cat\u00e9gories de destinataires possibles de vos donn\u00e9es \u00e0 caract\u00e8re personnel sont les suivants :<\/p>\n<ul>\n<li>d'autres soci\u00e9t\u00e9s du groupe IDEX si un tel transfert de donn\u00e9es personnelles est n\u00e9cessaire \u00e0 des fins sp\u00e9cifiques (vous trouverez une liste des soci\u00e9t\u00e9s du groupe IDEX).\u00a0<span style=\"color: #231f20;\"><a style=\"color: #231f20;\" href=\"https:\/\/www.idexcorp.com\/affiliates-list\/\">ici<\/a><\/span>);<\/li>\n<li>Les vendeurs et les partenaires de distribution, tels que les distributeurs et les repr\u00e9sentants commerciaux des produits de l'entreprise ;<\/li>\n<li>Les prestataires de services qui traitent des donn\u00e9es \u00e0 caract\u00e8re personnel en notre nom mais qui doivent suivre nos instructions concernant ce traitement ; IDEX fera tous les efforts raisonnables pour s'assurer que ces prestataires de services ne seront pas autoris\u00e9s \u00e0 utiliser vos donn\u00e9es \u00e0 caract\u00e8re personnel \u00e0 des fins autres que celles que nous avons d\u00e9finies ;<\/li>\n<li>les autorit\u00e9s auxquelles nous sommes tenus de fournir vos donn\u00e9es \u00e0 caract\u00e8re personnel (par exemple, les autorit\u00e9s fiscales ou les autorit\u00e9s sanitaires) ;<\/li>\n<li>les auditeurs ou les consultants externes similaires, tels que les avocats ou les conseillers fiscaux ;<\/li>\n<li>des tiers autoris\u00e9s en r\u00e9ponse \u00e0 une demande d'information si la divulgation est conforme \u00e0 une loi, un r\u00e8glement ou une proc\u00e9dure judiciaire applicable, ou si elle est requise par une loi, une r\u00e8gle ou un r\u00e8glement applicable ;<\/li>\n<li>des enqu\u00eateurs externes, des consultants ou des autorit\u00e9s, dans la mesure o\u00f9 la loi le permet, afin d'enqu\u00eater, de pr\u00e9venir ou de prendre des mesures concernant des activit\u00e9s ill\u00e9gales, des suspicions de fraude, des violations de nos droits de propri\u00e9t\u00e9 intellectuelle, des situations impliquant des menaces potentielles pour la s\u00e9curit\u00e9 physique de toute personne, des violations des termes de nos accords, ou dans la mesure o\u00f9 la loi l'exige ;<\/li>\n<li>Si nous estimons que la divulgation est n\u00e9cessaire ou appropri\u00e9e pour prot\u00e9ger les droits, la propri\u00e9t\u00e9 ou la s\u00e9curit\u00e9 de IDEX, de nos clients ou d'autres personnes. Cela inclut l'\u00e9change d'informations avec d'autres soci\u00e9t\u00e9s et organisations \u00e0 des fins de protection contre la fraude et de r\u00e9duction du risque de cr\u00e9dit.<\/li>\n<li>les acheteurs potentiels et leurs conseillers dans le cadre de fusions et d'acquisitions, auxquels nous pouvons transf\u00e9rer vos donn\u00e9es \u00e0 caract\u00e8re personnel sous r\u00e9serve d'obligations de confidentialit\u00e9 appropri\u00e9es, dans le cas o\u00f9 nous d\u00e9ciderions de c\u00e9der tout ou partie de nos activit\u00e9s ; et<\/li>\n<li>\u00e0 d'autres destinataires avec votre consentement ou selon vos instructions, y compris si nous vous informons par l'interm\u00e9diaire de nos sites que les informations que vous fournissez seront partag\u00e9es d'une mani\u00e8re particuli\u00e8re avec des personnes particuli\u00e8res et que vous fournissez ces informations.<\/li>\n<\/ul>\n<p>&nbsp;<\/p>\n<h5>5. Fonctionnalit\u00e9s de partage social<\/h5>\n<p>Sur nos sites, vous pouvez interagir avec des r\u00e9seaux sociaux g\u00e9r\u00e9s par des tiers, comme indiqu\u00e9 ci-dessous.<\/p>\n<p>&nbsp;<\/p>\n<h5>6. S\u00e9curit\u00e9<\/h5>\n<p>IDEX prend des mesures raisonnables pour aider \u00e0 prot\u00e9ger les informations vous concernant contre la perte, le vol, l'utilisation abusive et l'acc\u00e8s, la divulgation, l'alt\u00e9ration et la destruction non autoris\u00e9s. Toutefois, aucun syst\u00e8me de s\u00e9curit\u00e9 n'est imp\u00e9n\u00e9trable et nous ne pouvons pas garantir la s\u00e9curit\u00e9 de nos syst\u00e8mes 100%. Dans le cas o\u00f9 des informations sous notre contr\u00f4le seraient compromises \u00e0 la suite d'une violation de la s\u00e9curit\u00e9, nous prendrons des mesures raisonnables pour enqu\u00eater sur la situation et, le cas \u00e9ch\u00e9ant, notifier les personnes dont les informations pourraient avoir \u00e9t\u00e9 compromises et prendre d'autres mesures, conform\u00e9ment aux lois et r\u00e9glementations en vigueur.<\/p>\n<p>Si vous avez des questions concernant cette d\u00e9claration de confidentialit\u00e9, les pratiques de traitement des donn\u00e9es de Gast Manufacturing, Inc. ou nos sites, vous pouvez nous contacter \u00e0 l'adresse suivante <span style=\"color: #94c949;\"><a style=\"color: #94c949;\" href=\"mailto:gbhdppa@idexcorp.com\">gbhdppa@idexcorp.com<\/a><\/span>\u00a0ou\u00a0<span style=\"color: #94c949;\"><a style=\"color: #94c949;\" href=\"\/fr\/privacy@idexcorp.com\/\">privacy@idexcorp.com.<\/a><\/span><\/p>\n<p>&nbsp;<\/p>\n<h5>7. Signaux \"Ne pas suivre\" (Do Not Track)<\/h5>\n<p>Certains navigateurs web vous permettent d'envoyer un signal aux sites web et aux services en ligne pour leur indiquer que vous pr\u00e9f\u00e9rez qu'ils ne suivent pas vos activit\u00e9s en ligne. \u00c0 l'heure actuelle, nous n'honorons pas ces signaux et nous ne modifions pas les informations que nous recueillons ni la mani\u00e8re dont nous les utilisons en fonction de la diffusion ou de la r\u00e9ception d'un tel signal.<\/p>\n<p>&nbsp;<\/p>\n<h5>8. Choix concernant l'utilisation et la divulgation de vos informations<\/h5>\n<p>Nous nous effor\u00e7ons de vous offrir des choix concernant les informations personnelles que vous nous fournissez. Nous avons cr\u00e9\u00e9 des m\u00e9canismes qui vous permettent de contr\u00f4ler vos informations :<\/p>\n<p><strong>Cookies.<\/strong>\u00a0La plupart des navigateurs web sont configur\u00e9s pour accepter les cookies par d\u00e9faut. Vous pouvez bloquer les cookies en activant le param\u00e8tre de votre navigateur web qui vous permet de refuser l'installation de tous les cookies ou de certains d'entre eux. Ces param\u00e8tres se trouvent g\u00e9n\u00e9ralement dans le menu \"options\" ou \"pr\u00e9f\u00e9rences\" de votre navigateur web. Pour comprendre ces param\u00e8tres ou obtenir de plus amples informations, reportez-vous \u00e0 la documentation fournie par le fournisseur du navigateur web que vous utilisez. Pour de plus amples informations sur la suppression ou le blocage des cookies, veuillez consulter : www.allaboutcookies.org. Toutefois, si vous utilisez les param\u00e8tres de votre navigateur pour bloquer tous les cookies (y compris les cookies essentiels), il se peut que vous ne puissiez pas acc\u00e9der \u00e0 tout ou partie de nos sites ou ex\u00e9cuter certaines fonctionnalit\u00e9s des sites. Pour plus de d\u00e9tails sur les cookies utilis\u00e9s sur nos sites, veuillez consulter notre avis sur les cookies Gast.<\/p>\n<p>&nbsp;<\/p>\n<p><strong>Communications promotionnelles.<\/strong>\u00a0Vous pouvez refuser de recevoir des courriels ou des messages promotionnels de Gast Manufacturing, Inc. en suivant les instructions contenues dans ces courriels ou messages ou en utilisant d'autres outils que nous pouvons mettre \u00e0 votre disposition ou en nous envoyant un courriel \u00e0 l'adresse suivante\u00a0<span style=\"color: #94c949;\"><a style=\"color: #94c949;\" href=\"mailto:gbhdppa@idexcorp.com\">gbhdppa@idexcorp.com<\/a><\/span>\u00a0ou\u00a0<span style=\"color: #94c949;\"><a style=\"color: #94c949;\" href=\"mailto:privacy@idexcorp.com\">privacy@idexcorp.com<\/a><\/span>. Si vous choisissez de ne pas participer, nous pourrons toujours vous envoyer des communications non promotionnelles, telles que celles concernant votre compte ou notre relation de service en cours.<\/p>\n<p>&nbsp;<\/p>\n<h5>9. Acc\u00e8s et correction de vos informations<\/h5>\n<p><strong>G\u00e9n\u00e9ralit\u00e9s.<\/strong>\u00a0Vous pouvez \u00e0 tout moment consulter ou demander la rectification ou la suppression de vos informations en nous contactant aux coordonn\u00e9es indiqu\u00e9es ci-dessous. Notez toutefois que nous pouvons conserver certaines informations si la loi l'exige ou \u00e0 des fins commerciales l\u00e9gitimes. Nous pouvons \u00e9galement conserver des copies en cache ou archiv\u00e9es des informations vous concernant pendant une certaine p\u00e9riode.<\/p>\n<p>&nbsp;<\/p>\n<h5>10. Droits \u00e0 la vie priv\u00e9e sp\u00e9cifiques \u00e0 une juridiction<\/h5>\n<p>Dans certaines juridictions, la loi peut vous accorder des droits suppl\u00e9mentaires concernant notre utilisation des donn\u00e9es \u00e0 caract\u00e8re personnel. Pour en savoir plus sur les droits suppl\u00e9mentaires qui peuvent s'appliquer \u00e0 vous en tant que r\u00e9sident de l'une de ces juridictions, veuillez consulter l'addendum relatif \u00e0 la protection de la vie priv\u00e9e pour votre \u00c9tat, qui est joint au pr\u00e9sent avis de confidentialit\u00e9.<\/p>\n<p>&nbsp;<\/p>\n<h5>Vos droits en vertu du r\u00e8glement g\u00e9n\u00e9ral sur la protection des donn\u00e9es (\"RGPD\")<\/h5>\n<p>Si vous r\u00e9sidez en R\u00e9publique populaire de Chine (\"Chine\", qui, aux seules fins du pr\u00e9sent document, exclut Ta\u00efwan, Hong Kong et Macao), vous disposez des droits suppl\u00e9mentaires d\u00e9crits dans l'addendum sur la protection de la vie priv\u00e9e de l'IPFPC \u00e0 la d\u00e9claration.<\/p>\n<p>&nbsp;<\/p>\n<h5>Vos droits en mati\u00e8re de protection de la vie priv\u00e9e en Californie<\/h5>\n<p>Si vous r\u00e9sidez en Californie, vous disposez des droits suppl\u00e9mentaires d\u00e9crits dans l'addendum \u00e0 la d\u00e9claration sur la protection de la vie priv\u00e9e en Californie.<\/p>\n<p>&nbsp;<\/p>\n<h5>11. Informations sur les contacts<\/h5>\n<p>Si vous avez des questions, des pr\u00e9occupations, des plaintes ou des suggestions concernant la pr\u00e9sente d\u00e9claration, ou si vous avez des demandes concernant les informations personnelles que nous recueillons \u00e0 votre sujet, vous pouvez nous contacter \u00e0 la soci\u00e9t\u00e9 affili\u00e9e qui g\u00e8re ce site ou \u00e0 notre si\u00e8ge social :<\/p>\n<p>&nbsp;<\/p>\n<p>Pour obtenir les coordonn\u00e9es de nos soci\u00e9t\u00e9s affili\u00e9es :\u00a0<span style=\"color: #94c949;\"><a style=\"color: #94c949;\" href=\"https:\/\/www.idexcorp.com\/affiliates-list\/\">https:\/\/www.idexcorp.com\/affiliates-list\/<\/a><\/span><\/p>\n<p>Pour notre si\u00e8ge social :\u00a0<span style=\"color: #94c949;\"><a style=\"color: #94c949;\" href=\"mailto:gbhdppa@idexcorp.com\">gbhdppa@idexcorp.com<\/a><\/span>\u00a0ou\u00a0<span style=\"color: #94c949;\"><a style=\"color: #94c949;\" href=\"mailto:privacy@idexcorp.com\">privacy@idexcorp.com<\/a><\/span><\/p>","protected":false},"excerpt":{"rendered":"<p>1. Port\u00e9e et introduction pour tous les visiteurs du site Web La politique de confidentialit\u00e9 de Gast Manufacturing, Inc. Protection de la vie priv\u00e9e<\/p>","protected":false},"author":1,"featured_media":2438,"parent":0,"menu_order":0,"comment_status":"closed","ping_status":"closed","template":"","meta":{"_acf_changed":false,"_relevanssi_hide_post":"","_relevanssi_hide_content":"","_relevanssi_pin_for_all":"","_relevanssi_pin_keywords":"","_relevanssi_unpin_keywords":"","_relevanssi_related_keywords":"","_relevanssi_related_include_ids":"","_relevanssi_related_exclude_ids":"","_relevanssi_related_no_append":"","_relevanssi_related_not_related":"","_relevanssi_related_posts":"","_relevanssi_noindex_reason":"","inline_featured_image":false,"slim_seo":{"title":"D\u00e9claration de confidentialit\u00e9 - Gast","description":"1. Port\u00e9e et introduction pour tous les visiteurs du site Web La d\u00e9claration de confidentialit\u00e9 de Gast Manufacturing, Inc. (\" D\u00e9claration \") explique comment les donn\u00e9es personnelles sont collect\u00e9es, utilis\u00e9es et trait\u00e9es."},"footnotes":""},"class_list":["post-4098","page","type-page","status-publish","has-post-thumbnail","hentry"],"acf":[],"_links":{"self":[{"href":"https:\/\/gastmfg.com\/fr\/wp-json\/wp\/v2\/pages\/4098","targetHints":{"allow":["GET"]}}],"collection":[{"href":"https:\/\/gastmfg.com\/fr\/wp-json\/wp\/v2\/pages"}],"about":[{"href":"https:\/\/gastmfg.com\/fr\/wp-json\/wp\/v2\/types\/page"}],"author":[{"embeddable":true,"href":"https:\/\/gastmfg.com\/fr\/wp-json\/wp\/v2\/users\/1"}],"replies":[{"embeddable":true,"href":"https:\/\/gastmfg.com\/fr\/wp-json\/wp\/v2\/comments?post=4098"}],"version-history":[{"count":0,"href":"https:\/\/gastmfg.com\/fr\/wp-json\/wp\/v2\/pages\/4098\/revisions"}],"wp:featuredmedia":[{"embeddable":true,"href":"https:\/\/gastmfg.com\/fr\/wp-json\/wp\/v2\/media\/2438"}],"wp:attachment":[{"href":"https:\/\/gastmfg.com\/fr\/wp-json\/wp\/v2\/media?parent=4098"}],"curies":[{"name":"wp","href":"https:\/\/api.w.org\/{rel}","templated":true}]}}