{"id":4064,"date":"2025-08-19T16:48:28","date_gmt":"2025-08-19T20:48:28","guid":{"rendered":"https:\/\/gastmfg.com\/about-us-copy\/"},"modified":"2025-09-23T23:00:45","modified_gmt":"2025-09-24T03:00:45","slug":"a-propos-de-nous","status":"publish","type":"page","link":"https:\/\/gastmfg.com\/fr\/about-us\/","title":{"rendered":"\u00c0 propos de nous"},"content":{"rendered":"","protected":false},"excerpt":{"rendered":"","protected":false},"author":1,"featured_media":0,"parent":0,"menu_order":0,"comment_status":"closed","ping_status":"closed","template":"template-about-us.php","meta":{"_acf_changed":false,"_relevanssi_hide_post":"","_relevanssi_hide_content":"","_relevanssi_pin_for_all":"","_relevanssi_pin_keywords":"","_relevanssi_unpin_keywords":"","_relevanssi_related_keywords":"","_relevanssi_related_include_ids":"","_relevanssi_related_exclude_ids":"","_relevanssi_related_no_append":"","_relevanssi_related_not_related":"","_relevanssi_related_posts":"","_relevanssi_noindex_reason":"","inline_featured_image":false,"slim_seo":{"title":"\u00c0 propos de Gast Manufacturing | Innovateurs en solutions pneumatiques depuis 1921","description":"D\u00e9couvrez le si\u00e8cle d'expertise de Gast Manufacturing en mati\u00e8re de technologie pneumatique. Des compresseurs d'air aux solutions personnalis\u00e9es, nous travaillons en partenariat avec des industries du monde entier pour fournir des syst\u00e8mes de mouvement d'air fiables et innovants."},"footnotes":""},"class_list":["post-4064","page","type-page","status-publish","hentry"],"acf":[],"_links":{"self":[{"href":"https:\/\/gastmfg.com\/fr\/wp-json\/wp\/v2\/pages\/4064","targetHints":{"allow":["GET"]}}],"collection":[{"href":"https:\/\/gastmfg.com\/fr\/wp-json\/wp\/v2\/pages"}],"about":[{"href":"https:\/\/gastmfg.com\/fr\/wp-json\/wp\/v2\/types\/page"}],"author":[{"embeddable":true,"href":"https:\/\/gastmfg.com\/fr\/wp-json\/wp\/v2\/users\/1"}],"replies":[{"embeddable":true,"href":"https:\/\/gastmfg.com\/fr\/wp-json\/wp\/v2\/comments?post=4064"}],"version-history":[{"count":0,"href":"https:\/\/gastmfg.com\/fr\/wp-json\/wp\/v2\/pages\/4064\/revisions"}],"wp:attachment":[{"href":"https:\/\/gastmfg.com\/fr\/wp-json\/wp\/v2\/media?parent=4064"}],"curies":[{"name":"wp","href":"https:\/\/api.w.org\/{rel}","templated":true}]}}