{"id":4038,"date":"2025-08-19T15:36:26","date_gmt":"2025-08-19T19:36:26","guid":{"rendered":"https:\/\/gastmfg.com\/pneumatic-solutions\/our-family-of-brands-copy\/"},"modified":"2025-10-22T19:40:05","modified_gmt":"2025-10-22T23:40:05","slug":"notre-famille-de-marques","status":"publish","type":"page","link":"https:\/\/gastmfg.com\/fr\/pneumatic-solutions\/our-family-of-brands\/","title":{"rendered":"Notre famille de marques"},"content":{"rendered":"","protected":false},"excerpt":{"rendered":"","protected":false},"author":1,"featured_media":0,"parent":3983,"menu_order":0,"comment_status":"closed","ping_status":"closed","template":"template-our-family-of-brands.php","meta":{"_acf_changed":false,"_relevanssi_hide_post":"","_relevanssi_hide_content":"","_relevanssi_pin_for_all":"","_relevanssi_pin_keywords":"","_relevanssi_unpin_keywords":"","_relevanssi_related_keywords":"","_relevanssi_related_include_ids":"","_relevanssi_related_exclude_ids":"","_relevanssi_related_no_append":"","_relevanssi_related_not_related":"","_relevanssi_related_posts":"","_relevanssi_noindex_reason":"","inline_featured_image":false,"slim_seo":{"title":"Notre famille de marques | Gast Pneumatic Solutions - Gast, Jun-Air, Airtech &amp; US Valve","description":"D\u00e9couvrez la famille des marques Gast - Gast, Jun-Air, Airtech et US Valve - qui travaillent ensemble pour fournir des solutions pneumatiques et de vide \u00e0 la pointe de l'industrie sur les march\u00e9s de l'industrie, de l'\u00e9nergie, de la m\u00e9decine et des boissons. Des compresseurs, des soufflantes et des syst\u00e8mes personnalis\u00e9s fiables pour vos applications les plus difficiles."},"footnotes":""},"class_list":["post-4038","page","type-page","status-publish","hentry"],"acf":[],"_links":{"self":[{"href":"https:\/\/gastmfg.com\/fr\/wp-json\/wp\/v2\/pages\/4038","targetHints":{"allow":["GET"]}}],"collection":[{"href":"https:\/\/gastmfg.com\/fr\/wp-json\/wp\/v2\/pages"}],"about":[{"href":"https:\/\/gastmfg.com\/fr\/wp-json\/wp\/v2\/types\/page"}],"author":[{"embeddable":true,"href":"https:\/\/gastmfg.com\/fr\/wp-json\/wp\/v2\/users\/1"}],"replies":[{"embeddable":true,"href":"https:\/\/gastmfg.com\/fr\/wp-json\/wp\/v2\/comments?post=4038"}],"version-history":[{"count":0,"href":"https:\/\/gastmfg.com\/fr\/wp-json\/wp\/v2\/pages\/4038\/revisions"}],"up":[{"embeddable":true,"href":"https:\/\/gastmfg.com\/fr\/wp-json\/wp\/v2\/pages\/3983"}],"wp:attachment":[{"href":"https:\/\/gastmfg.com\/fr\/wp-json\/wp\/v2\/media?parent=4038"}],"curies":[{"name":"wp","href":"https:\/\/api.w.org\/{rel}","templated":true}]}}