{"id":4022,"date":"2025-08-19T08:49:59","date_gmt":"2025-08-19T12:49:59","guid":{"rendered":"https:\/\/gastmfg.com\/technical-data-sheets-copy\/"},"modified":"2025-09-23T22:32:38","modified_gmt":"2025-09-24T02:32:38","slug":"fiches-techniques","status":"publish","type":"page","link":"https:\/\/gastmfg.com\/fr\/technical-data-sheets\/","title":{"rendered":"Fiches techniques"},"content":{"rendered":"","protected":false},"excerpt":{"rendered":"","protected":false},"author":1,"featured_media":0,"parent":0,"menu_order":0,"comment_status":"closed","ping_status":"closed","template":"template-document-type.php","meta":{"_acf_changed":false,"_relevanssi_hide_post":"","_relevanssi_hide_content":"","_relevanssi_pin_for_all":"","_relevanssi_pin_keywords":"","_relevanssi_unpin_keywords":"","_relevanssi_related_keywords":"","_relevanssi_related_include_ids":"","_relevanssi_related_exclude_ids":"","_relevanssi_related_no_append":"","_relevanssi_related_not_related":"","_relevanssi_related_posts":"","_relevanssi_noindex_reason":"","inline_featured_image":false,"slim_seo":{"title":"Gast Technical Data Sheets | Sp\u00e9cifications des produits pneumatiques","description":"Acc\u00e9dez aux fiches techniques Gast t\u00e9l\u00e9chargeables, class\u00e9es par famille de produits - moteurs \u00e0 air, soufflantes, membranes, pistons, pistons \u00e0 bascule, palettes rotatives et syst\u00e8mes - pour des sp\u00e9cifications et une s\u00e9lection pr\u00e9cises."},"footnotes":""},"class_list":["post-4022","page","type-page","status-publish","hentry"],"acf":[],"_links":{"self":[{"href":"https:\/\/gastmfg.com\/fr\/wp-json\/wp\/v2\/pages\/4022","targetHints":{"allow":["GET"]}}],"collection":[{"href":"https:\/\/gastmfg.com\/fr\/wp-json\/wp\/v2\/pages"}],"about":[{"href":"https:\/\/gastmfg.com\/fr\/wp-json\/wp\/v2\/types\/page"}],"author":[{"embeddable":true,"href":"https:\/\/gastmfg.com\/fr\/wp-json\/wp\/v2\/users\/1"}],"replies":[{"embeddable":true,"href":"https:\/\/gastmfg.com\/fr\/wp-json\/wp\/v2\/comments?post=4022"}],"version-history":[{"count":0,"href":"https:\/\/gastmfg.com\/fr\/wp-json\/wp\/v2\/pages\/4022\/revisions"}],"wp:attachment":[{"href":"https:\/\/gastmfg.com\/fr\/wp-json\/wp\/v2\/media?parent=4022"}],"curies":[{"name":"wp","href":"https:\/\/api.w.org\/{rel}","templated":true}]}}