{"id":3983,"date":"2025-08-19T04:13:08","date_gmt":"2025-08-19T08:13:08","guid":{"rendered":"https:\/\/gastmfg.com\/pneumatic-solutions-copy\/"},"modified":"2025-09-23T22:35:37","modified_gmt":"2025-09-24T02:35:37","slug":"solutions-pneumatiques","status":"publish","type":"page","link":"https:\/\/gastmfg.com\/fr\/pneumatic-solutions\/","title":{"rendered":"Solutions pneumatiques"},"content":{"rendered":"","protected":false},"excerpt":{"rendered":"","protected":false},"author":1,"featured_media":0,"parent":0,"menu_order":0,"comment_status":"closed","ping_status":"closed","template":"template-pneumatic-solutions.php","meta":{"_acf_changed":false,"_relevanssi_hide_post":"","_relevanssi_hide_content":"","_relevanssi_pin_for_all":"","_relevanssi_pin_keywords":"","_relevanssi_unpin_keywords":"","_relevanssi_related_keywords":"","_relevanssi_related_include_ids":"","_relevanssi_related_exclude_ids":"","_relevanssi_related_no_append":"","_relevanssi_related_not_related":"","_relevanssi_related_posts":"","_relevanssi_noindex_reason":"","inline_featured_image":false,"slim_seo":{"title":"Gast Pneumatic Solutions | Technologie de filtration et de personnalisation de l'air","description":"Explorez les solutions pneumatiques Gast - filtrez par produit, technologie et caract\u00e9ristiques de puissance pour d\u00e9couvrir les compresseurs d'air, les pompes \u00e0 vide, les soufflantes, les moteurs pneumatiques et les syst\u00e8mes adapt\u00e9s \u00e0 vos besoins en mati\u00e8re de d\u00e9bit, de pression et d'industrie."},"footnotes":""},"class_list":["post-3983","page","type-page","status-publish","hentry"],"acf":[],"_links":{"self":[{"href":"https:\/\/gastmfg.com\/fr\/wp-json\/wp\/v2\/pages\/3983","targetHints":{"allow":["GET"]}}],"collection":[{"href":"https:\/\/gastmfg.com\/fr\/wp-json\/wp\/v2\/pages"}],"about":[{"href":"https:\/\/gastmfg.com\/fr\/wp-json\/wp\/v2\/types\/page"}],"author":[{"embeddable":true,"href":"https:\/\/gastmfg.com\/fr\/wp-json\/wp\/v2\/users\/1"}],"replies":[{"embeddable":true,"href":"https:\/\/gastmfg.com\/fr\/wp-json\/wp\/v2\/comments?post=3983"}],"version-history":[{"count":0,"href":"https:\/\/gastmfg.com\/fr\/wp-json\/wp\/v2\/pages\/3983\/revisions"}],"wp:attachment":[{"href":"https:\/\/gastmfg.com\/fr\/wp-json\/wp\/v2\/media?parent=3983"}],"curies":[{"name":"wp","href":"https:\/\/api.w.org\/{rel}","templated":true}]}}