{"id":4098,"date":"2025-08-19T18:33:19","date_gmt":"2025-08-19T22:33:19","guid":{"rendered":"https:\/\/gastmfg.com\/privacy-policy-copy\/"},"modified":"2025-09-23T23:15:43","modified_gmt":"2025-09-24T03:15:43","slug":"declaracion-de-privacidad","status":"publish","type":"page","link":"https:\/\/gastmfg.com\/es\/privacy-statement\/","title":{"rendered":"Declaraci\u00f3n de confidencialidad"},"content":{"rendered":"<h5>1. \u00c1mbito de aplicaci\u00f3n e introducci\u00f3n para todos los visitantes del sitio web<\/h5>\n<p>La Declaraci\u00f3n de Privacidad de Gast Manufacturing, Inc. Declaraci\u00f3n de Privacidad (\"Declaraci\u00f3n\") explica c\u00f3mo los datos personales son recogidos, utilizados y divulgados por Gast Manufacturing, Inc. cuando los usuarios acceden y utilizan los servicios y funciones ofrecidos en nuestro sitio web (www.gastmfg.com) y cualquiera de nuestros otros sitios web o aplicaciones m\u00f3viles que enlazan con esta Declaraci\u00f3n (los \"Sitios\").<\/p>\n<p>Esta Declaraci\u00f3n se complementa, y se incorporan a la misma, mediante la\u00a0<span style=\"color: #94c949;\"><a style=\"color: #94c949;\" href=\"https:\/\/gastmfg.com\/wp-content\/uploads\/2025\/08\/GAST_Cookie_Notice_0.pdf\" target=\"_blank\" rel=\"noopener\">Aviso sobre cookies de Gast<\/a><\/span>El\u00a0<span style=\"color: #94c949;\"><a style=\"color: #94c949;\" href=\"https:\/\/gastmfg.com\/wp-content\/uploads\/2025\/08\/GAST_Business_Contact_Privacy_Notice.pdf\" target=\"_blank\" rel=\"noopener\">Aviso de privacidad de Gast Business Contact,<\/a> <\/span>el\u00a0<span style=\"color: #94c949;\"><a style=\"color: #94c949;\" href=\"https:\/\/gastmfg.com\/wp-content\/uploads\/2025\/08\/GAST_Job_Applicant_Privacy_Notice.pdf\" target=\"_blank\" rel=\"noopener\">Aviso de privacidad para solicitantes de empleo de Gast,<\/a><\/span> el\u00a0<span style=\"color: #94c949;\"><a style=\"color: #94c949;\" href=\"https:\/\/gastmfg.com\/wp-content\/uploads\/2025\/08\/GDPR_Privacy_Addendum_Corrected.pdf\" target=\"_blank\" rel=\"noopener\">Ap\u00e9ndice sobre privacidad del GDPR,<\/a><\/span> el\u00a0<span style=\"color: #94c949;\"><a style=\"color: #94c949;\" href=\"https:\/\/gastmfg.com\/wp-content\/uploads\/2025\/08\/PIPL_Privacy_Addendum.pdf\" target=\"_blank\" rel=\"noopener\">Ap\u00e9ndice sobre privacidad de PIPL,<\/a><\/span> y el<span style=\"color: #94c949;\"><a style=\"color: #94c949;\" href=\"https:\/\/gastmfg.com\/wp-content\/uploads\/2025\/08\/California_Privacy_Addendum_0.pdf\" target=\"_blank\" rel=\"noopener\">\u00a0Ap\u00e9ndice sobre privacidad de California<\/a><\/span>.<\/p>\n<p>Usuarios internacionales de los Sitios - usuarios de diferentes pa\u00edses y estados pueden visitar los Sitios. La secci\u00f3n 1 de esta Declaraci\u00f3n se aplica a todos los usuarios. Dependiendo de su lugar de residencia, es posible que se le apliquen otras secciones.<\/p>\n<h5>2. Recogida de informaci\u00f3n<\/h5>\n<p>En nuestro sitio web recopilamos la siguiente informaci\u00f3n:<\/p>\n<p><strong>a) Informaci\u00f3n que recopilamos autom\u00e1ticamente:<\/strong><\/p>\n<p>Cuando usted accede a nuestros Sitios o los utiliza, recopilamos autom\u00e1ticamente la siguiente informaci\u00f3n, que se almacena separada de otros datos que usted pueda facilitarnos. Utilizamos esta informaci\u00f3n para ofrecerle los Sitios, deducir informaci\u00f3n estad\u00edstica y an\u00f3nima sobre los usuarios de los Sitios y para la administraci\u00f3n t\u00e9cnica y la seguridad de los Sitios:<\/p>\n<ul>\n<li><strong>Informaci\u00f3n de registro<\/strong>\u00a0- Registramos informaci\u00f3n sobre cada sesi\u00f3n y el uso de los Sitios, incluido el tipo de navegador que utiliza, las horas de acceso, las p\u00e1ginas visitadas, su direcci\u00f3n IP y la p\u00e1gina que visit\u00f3 antes de navegar a nuestros Sitios.<\/li>\n<li><strong>Informaci\u00f3n sobre el dispositivo<\/strong>\u00a0- Recopilamos informaci\u00f3n sobre el ordenador o el dispositivo m\u00f3vil que utiliza para acceder a nuestros Sitios, incluido el modelo de hardware, el sistema operativo y la versi\u00f3n, as\u00ed como informaci\u00f3n sobre la red m\u00f3vil.<\/li>\n<li><strong>Informaci\u00f3n recogida por cookies y otras tecnolog\u00edas de rastreo\u00a0<\/strong>- Utilizamos diversas tecnolog\u00edas para recopilar informaci\u00f3n, concretamente cookies y balizas web. Las cookies son peque\u00f1os archivos de texto que un sitio web o su proveedor de servicios transfiere a sus dispositivos, como dispositivos m\u00f3viles u ordenadores, a trav\u00e9s de su navegador web (si usted lo permite), y que permiten a los sistemas de los sitios web o de los proveedores de servicios reconocer su navegador y capturar y recordar determinada informaci\u00f3n. Utilizamos cookies para comprender y guardar sus preferencias para futuras visitas y recopilar datos agregados sobre el tr\u00e1fico y la interacci\u00f3n en el sitio web. Nuestro sitio web y nuestros correos electr\u00f3nicos tambi\u00e9n pueden contener peque\u00f1os archivos electr\u00f3nicos conocidos como web beacons (tambi\u00e9n denominados clear gifs, pixel tags y single-pixel gifts) que permiten a IDEX, por ejemplo, contar el n\u00famero de usuarios que han visitado esas p\u00e1ginas del sitio web o han abierto un correo electr\u00f3nico y para otras estad\u00edsticas relacionadas (por ejemplo, determinar la popularidad de ciertos contenidos y verificar la integridad del servidor). Consulte nuestro Aviso sobre cookies de Gast para obtener m\u00e1s informaci\u00f3n sobre el uso que hacemos de las cookies.<\/li>\n<\/ul>\n<p><strong>b) Informaci\u00f3n que nos facilite:<\/strong><\/p>\n<p>Tambi\u00e9n recopilamos la informaci\u00f3n que usted nos proporciona directamente. Por ejemplo, cuando visita los Sitios, recopilamos informaci\u00f3n cuando solicita crear una cuenta, responder a una encuesta, participar en cualquier funci\u00f3n interactiva de los Sitios, suscribirse a un bolet\u00edn de noticias o proporcionar comentarios generales. Los tipos de informaci\u00f3n que podemos recopilar incluyen su nombre, nombre de la empresa, cargo, direcci\u00f3n postal, n\u00famero de tel\u00e9fono, direcci\u00f3n de correo electr\u00f3nico y cualquier otra informaci\u00f3n que decida proporcionarnos. Recogemos esta informaci\u00f3n para ofrecer la funci\u00f3n que usted utiliza respectivamente.<\/p>\n<p>&nbsp;<\/p>\n<h5>3. Uso de la informaci\u00f3n<\/h5>\n<ul>\n<li>Podemos utilizar informaci\u00f3n sobre usted para diversos fines, entre ellos:<\/li>\n<li>Proporcionar nuestros Sitios a los usuarios; Mantener y mejorar nuestros Sitios;<\/li>\n<li>Proporcionar y mejorar nuestro servicio de atenci\u00f3n al cliente, incluida la respuesta a sus comentarios, preguntas y solicitudes (por ejemplo, consultas sobre productos o cuestiones t\u00e9cnicas);<\/li>\n<li>Analizar y gestionar nuestro negocio;<\/li>\n<li>Establecer y gestionar nuestra relaci\u00f3n comercial (por ejemplo, cuando usted, como cliente, se pone en contacto con nosotros a trav\u00e9s de uno de los Sitios y nosotros conectamos esta solicitud a su cuenta comercial);<\/li>\n<li>Mejorar nuestra seguridad inform\u00e1tica;<\/li>\n<li>Defensa de nuestros intereses legales (por ejemplo, al reclamar recursos por ataques a nuestro sitio web);<\/li>\n<li>Tramitar las solicitudes de empleo;<\/li>\n<li>Comunicarnos con usted acerca de servicios, ofertas, promociones, recompensas y eventos ofrecidos por IDEX y otros; y<\/li>\n<li>Llevar a cabo cualquier otro prop\u00f3sito descrito a usted en el momento en que se recogi\u00f3 la informaci\u00f3n o para cualquier otro prop\u00f3sito con su consentimiento.<\/li>\n<\/ul>\n<p>Tambi\u00e9n podemos utilizar su informaci\u00f3n para ponernos en contacto con usted sobre nuestros propios productos y servicios que puedan ser de su inter\u00e9s. Si no desea que utilicemos su informaci\u00f3n de esta forma, consulte la secci\u00f3n de este aviso de privacidad titulada \"Opciones sobre c\u00f3mo utilizamos y divulgamos su informaci\u00f3n\".<\/p>\n<p>&nbsp;<\/p>\n<h5>4. Destinatarios y categor\u00edas de destinatarios de los datos personales<\/h5>\n<p>No compartimos, vendemos ni divulgamos de ning\u00fan otro modo informaci\u00f3n sobre usted para fines distintos de los descritos en esta Declaraci\u00f3n. Sin embargo, podemos utilizar y divulgar informaci\u00f3n agregada sobre nuestros usuarios y otra informaci\u00f3n que no identifique razonablemente a ning\u00fan individuo, sin restricci\u00f3n alguna. Podemos compartir informaci\u00f3n sobre usted como se indica a continuaci\u00f3n o como se describe de otro modo en esta Declaraci\u00f3n de privacidad del sitio web y, en cada caso, s\u00f3lo de conformidad con la legislaci\u00f3n aplicable. Los posibles destinatarios o categor\u00edas de destinatarios de sus datos personales son:<\/p>\n<ul>\n<li>Otras empresas del grupo IDEX si dicha transferencia de datos personales es necesaria para el fin espec\u00edfico (puede encontrar una lista de las empresas del grupo IDEX\u00a0<span style=\"color: #231f20;\"><a style=\"color: #231f20;\" href=\"https:\/\/www.idexcorp.com\/affiliates-list\/\">aqu\u00ed<\/a><\/span>);<\/li>\n<li>Vendedores y socios de canal, como distribuidores y representantes de ventas de los productos de la empresa;<\/li>\n<li>Proveedores de servicios que procesan datos personales en nuestro nombre pero que tienen que seguir nuestras instrucciones sobre dicho procesamiento; IDEX realizar\u00e1 todos los esfuerzos razonables para garantizar que estos proveedores de servicios no podr\u00e1n utilizar sus datos personales para fines distintos de los definidos por nosotros;<\/li>\n<li>Autoridades, a las que estamos obligados a facilitar sus datos personales (por ejemplo, autoridades fiscales o sanitarias);<\/li>\n<li>Auditores o asesores externos similares, como abogados o asesores fiscales;<\/li>\n<li>Terceros autorizados en respuesta a una solicitud de informaci\u00f3n si la divulgaci\u00f3n es conforme a cualquier ley, reglamento o proceso legal aplicable, o si as\u00ed lo exige cualquier ley, norma o reglamento aplicable;<\/li>\n<li>Investigadores externos, consultores o autoridades, seg\u00fan lo permita la ley, con el fin de investigar, prevenir o tomar medidas en relaci\u00f3n con actividades ilegales, sospechas de fraude, infracci\u00f3n de nuestros derechos de propiedad intelectual, situaciones que impliquen amenazas potenciales para la seguridad f\u00edsica de cualquier persona, violaci\u00f3n de los t\u00e9rminos de nuestros acuerdos, o seg\u00fan lo exija la ley;<\/li>\n<li>Si creemos que la divulgaci\u00f3n es necesaria o apropiada para proteger los derechos, la propiedad o la seguridad de IDEX, nuestros clientes u otros. Esto incluye el intercambio de informaci\u00f3n con otras empresas y organizaciones con fines de protecci\u00f3n contra el fraude y reducci\u00f3n del riesgo de cr\u00e9dito.<\/li>\n<li>Compradores potenciales y sus asesores en el contexto de fusiones y adquisiciones, a quienes podemos transferir sus datos personales sujetos a las obligaciones de confidencialidad apropiadas, en el caso de que decidamos enajenar la totalidad o parte de nuestro negocio; y<\/li>\n<li>A otros destinatarios con su consentimiento o por indicaci\u00f3n suya, incluso si le notificamos a trav\u00e9s de nuestros Sitios que la informaci\u00f3n que nos facilite se compartir\u00e1 de una manera determinada con personas concretas y usted facilita dicha informaci\u00f3n.<\/li>\n<\/ul>\n<p>&nbsp;<\/p>\n<h5>5. Funciones para compartir en redes sociales<\/h5>\n<p>En nuestros Sitios, puede interactuar con redes sociales gestionadas por terceros, como se indica a continuaci\u00f3n.<\/p>\n<p>&nbsp;<\/p>\n<h5>6. Seguridad<\/h5>\n<p>IDEX toma medidas razonables para ayudar a proteger la informaci\u00f3n sobre usted contra p\u00e9rdida, robo, uso indebido y acceso no autorizado, divulgaci\u00f3n, alteraci\u00f3n y destrucci\u00f3n. Sin embargo, ning\u00fan sistema de seguridad es impenetrable y no podemos garantizar la seguridad de nuestros sistemas 100%. En el caso de que cualquier informaci\u00f3n bajo nuestro control se vea comprometida como resultado de una violaci\u00f3n de la seguridad, tomaremos medidas razonables para investigar la situaci\u00f3n y, en su caso, notificar a las personas cuya informaci\u00f3n pueda haber sido comprometida y tomar otras medidas, de conformidad con las leyes y reglamentos aplicables.<\/p>\n<p>Si tiene alguna pregunta sobre esta declaraci\u00f3n de privacidad, las pr\u00e1cticas de procesamiento de datos de Gast Manufacturing, Inc. o nuestros Sitios, puede ponerse en contacto con nosotros en <span style=\"color: #94c949;\"><a style=\"color: #94c949;\" href=\"mailto:gbhdppa@idexcorp.com\">gbhdppa@idexcorp.com<\/a><\/span>\u00a0o\u00a0<span style=\"color: #94c949;\"><a style=\"color: #94c949;\" href=\"\/es\/privacy@idexcorp.com\/\">privacy@idexcorp.com.<\/a><\/span><\/p>\n<p>&nbsp;<\/p>\n<h5>7. Se\u00f1ales Do Not Track<\/h5>\n<p>Algunos navegadores web le permiten enviar una se\u00f1al a sitios web y servicios en l\u00ednea indicando que prefiere que \"no rastreen\" sus actividades en l\u00ednea. En este momento, no respetamos dichas se\u00f1ales y no modificamos la informaci\u00f3n que recopilamos ni el modo en que la utilizamos en funci\u00f3n de si emitimos o recibimos dicha se\u00f1al.<\/p>\n<p>&nbsp;<\/p>\n<h5>8. Opciones sobre c\u00f3mo utilizamos y divulgamos su informaci\u00f3n<\/h5>\n<p>Nos esforzamos por ofrecerle opciones en relaci\u00f3n con la informaci\u00f3n personal que nos proporciona. Hemos creado mecanismos para proporcionarle el siguiente control sobre su informaci\u00f3n:<\/p>\n<p><strong>Galletas.<\/strong>\u00a0La mayor\u00eda de los navegadores est\u00e1n configurados para aceptar cookies por defecto. Puede bloquear las cookies activando la configuraci\u00f3n de su navegador web que le permite rechazar la instalaci\u00f3n de todas o algunas cookies. Estos ajustes suelen encontrarse en el men\u00fa de \"opciones\" o \"preferencias\" de su navegador. Para comprender estos ajustes u obtener m\u00e1s informaci\u00f3n, consulte la documentaci\u00f3n facilitada por el proveedor del navegador web que est\u00e9 utilizando. Para m\u00e1s informaci\u00f3n sobre c\u00f3mo eliminar o bloquear las cookies, visite: www.allaboutcookies.org. No obstante, si utiliza la configuraci\u00f3n de su navegador para bloquear todas las cookies (incluidas las cookies esenciales), es posible que no pueda acceder a la totalidad o a partes de nuestros Sitios o realizar determinadas funciones de los mismos. Para obtener m\u00e1s informaci\u00f3n sobre las cookies utilizadas en nuestros Sitios, visite nuestro Aviso sobre cookies de Gast.<\/p>\n<p>&nbsp;<\/p>\n<p><strong>Comunicaciones promocionales.<\/strong>\u00a0Puede optar por no recibir correos electr\u00f3nicos o mensajes promocionales de Gast Manufacturing, Inc. siguiendo las instrucciones de dichos correos electr\u00f3nicos o mensajes o utilizando otras herramientas que podamos poner a su disposici\u00f3n o envi\u00e1ndonos un correo electr\u00f3nico a\u00a0<span style=\"color: #94c949;\"><a style=\"color: #94c949;\" href=\"mailto:gbhdppa@idexcorp.com\">gbhdppa@idexcorp.com<\/a><\/span>\u00a0o\u00a0<span style=\"color: #94c949;\"><a style=\"color: #94c949;\" href=\"mailto:privacy@idexcorp.com\">privacy@idexcorp.com<\/a><\/span>. Si opta por no participar, podremos seguir envi\u00e1ndole comunicaciones no promocionales, como las relativas a su cuenta o a nuestra relaci\u00f3n de servicio en curso.<\/p>\n<p>&nbsp;<\/p>\n<h5>9. Acceso y correcci\u00f3n de sus datos<\/h5>\n<p><strong>General.<\/strong>\u00a0En cualquier momento puede revisar o solicitar la rectificaci\u00f3n o eliminaci\u00f3n de su informaci\u00f3n poni\u00e9ndose en contacto con nosotros a trav\u00e9s de los datos que se indican a continuaci\u00f3n. No obstante, tenga en cuenta que podemos conservar determinada informaci\u00f3n por imperativo legal o por motivos comerciales leg\u00edtimos. Tambi\u00e9n podemos conservar copias en cach\u00e9 o archivadas de informaci\u00f3n sobre usted durante un determinado per\u00edodo de tiempo.<\/p>\n<p>&nbsp;<\/p>\n<h5>10. Derechos de privacidad espec\u00edficos de la jurisdicci\u00f3n<\/h5>\n<p>La legislaci\u00f3n de algunas jurisdicciones puede proporcionarle derechos adicionales en relaci\u00f3n con nuestro uso de los Datos Personales. Para obtener m\u00e1s informaci\u00f3n sobre cualquier derecho adicional que pueda serle aplicable como residente de una de estas jurisdicciones, consulte el ap\u00e9ndice de privacidad correspondiente a su estado que se adjunta a este Aviso de privacidad.<\/p>\n<p>&nbsp;<\/p>\n<h5>Sus derechos en virtud del Reglamento General de Protecci\u00f3n de Datos (\"RGPD\")<\/h5>\n<p>Si usted es residente de la Rep\u00fablica Popular China (\"China\", que, \u00fanicamente a los efectos del presente documento, excluye a Taiw\u00e1n, Hong Kong y Macao), tiene los derechos adicionales descritos en el Ap\u00e9ndice de Privacidad PIPL de la Declaraci\u00f3n.<\/p>\n<p>&nbsp;<\/p>\n<h5>Sus derechos de privacidad en California<\/h5>\n<p>Si reside en California, tiene los derechos adicionales descritos en el Anexo de Privacidad de California de la Declaraci\u00f3n.<\/p>\n<p>&nbsp;<\/p>\n<h5>11. 11. Informaci\u00f3n de contacto<\/h5>\n<p>Si tiene alguna pregunta, duda, queja o sugerencia con respecto a esta Declaraci\u00f3n, o tiene alguna solicitud relacionada con la informaci\u00f3n personal que recopilamos sobre usted, puede ponerse en contacto con nosotros en la filial corporativa que gestiona este Sitio o en nuestra sede corporativa:<\/p>\n<p>&nbsp;<\/p>\n<p>Para obtener informaci\u00f3n de contacto de nuestras filiales corporativas:\u00a0<span style=\"color: #94c949;\"><a style=\"color: #94c949;\" href=\"https:\/\/www.idexcorp.com\/affiliates-list\/\">https:\/\/www.idexcorp.com\/affiliates-list\/<\/a><\/span><\/p>\n<p>Para nuestra sede corporativa:\u00a0<span style=\"color: #94c949;\"><a style=\"color: #94c949;\" href=\"mailto:gbhdppa@idexcorp.com\">gbhdppa@idexcorp.com<\/a><\/span>\u00a0o\u00a0<span style=\"color: #94c949;\"><a style=\"color: #94c949;\" href=\"mailto:privacy@idexcorp.com\">privacy@idexcorp.com<\/a><\/span><\/p>","protected":false},"excerpt":{"rendered":"<p>1. \u00c1mbito de aplicaci\u00f3n e introducci\u00f3n para todos los visitantes del sitio web La pol\u00edtica de privacidad de Gast Manufacturing, Inc. Privacidad<\/p>","protected":false},"author":1,"featured_media":2438,"parent":0,"menu_order":0,"comment_status":"closed","ping_status":"closed","template":"","meta":{"_acf_changed":false,"_relevanssi_hide_post":"","_relevanssi_hide_content":"","_relevanssi_pin_for_all":"","_relevanssi_pin_keywords":"","_relevanssi_unpin_keywords":"","_relevanssi_related_keywords":"","_relevanssi_related_include_ids":"","_relevanssi_related_exclude_ids":"","_relevanssi_related_no_append":"","_relevanssi_related_not_related":"","_relevanssi_related_posts":"","_relevanssi_noindex_reason":"","inline_featured_image":false,"slim_seo":{"title":"Declaraci\u00f3n de privacidad - Gast","description":"1. Alcance e introducci\u00f3n para todos los visitantes del sitio web La Declaraci\u00f3n de privacidad de Gast Manufacturing, Inc. Declaraci\u00f3n de Privacidad (\"Declaraci\u00f3n\") explica c\u00f3mo se recopilan los datos personales, c\u00f3mo se utilizan y c\u00f3mo se tratan."},"footnotes":""},"class_list":["post-4098","page","type-page","status-publish","has-post-thumbnail","hentry"],"acf":[],"_links":{"self":[{"href":"https:\/\/gastmfg.com\/es\/wp-json\/wp\/v2\/pages\/4098","targetHints":{"allow":["GET"]}}],"collection":[{"href":"https:\/\/gastmfg.com\/es\/wp-json\/wp\/v2\/pages"}],"about":[{"href":"https:\/\/gastmfg.com\/es\/wp-json\/wp\/v2\/types\/page"}],"author":[{"embeddable":true,"href":"https:\/\/gastmfg.com\/es\/wp-json\/wp\/v2\/users\/1"}],"replies":[{"embeddable":true,"href":"https:\/\/gastmfg.com\/es\/wp-json\/wp\/v2\/comments?post=4098"}],"version-history":[{"count":0,"href":"https:\/\/gastmfg.com\/es\/wp-json\/wp\/v2\/pages\/4098\/revisions"}],"wp:featuredmedia":[{"embeddable":true,"href":"https:\/\/gastmfg.com\/es\/wp-json\/wp\/v2\/media\/2438"}],"wp:attachment":[{"href":"https:\/\/gastmfg.com\/es\/wp-json\/wp\/v2\/media?parent=4098"}],"curies":[{"name":"wp","href":"https:\/\/api.w.org\/{rel}","templated":true}]}}