{"id":4088,"date":"2025-08-19T17:47:32","date_gmt":"2025-08-19T21:47:32","guid":{"rendered":"https:\/\/gastmfg.com\/capabilities-copy\/"},"modified":"2025-09-23T23:13:15","modified_gmt":"2025-09-24T03:13:15","slug":"capacidades","status":"publish","type":"page","link":"https:\/\/gastmfg.com\/es\/capabilities\/","title":{"rendered":"Capacidades"},"content":{"rendered":"","protected":false},"excerpt":{"rendered":"","protected":false},"author":1,"featured_media":0,"parent":0,"menu_order":0,"comment_status":"closed","ping_status":"closed","template":"template-capabilities.php","meta":{"_acf_changed":false,"_relevanssi_hide_post":"","_relevanssi_hide_content":"","_relevanssi_pin_for_all":"","_relevanssi_pin_keywords":"","_relevanssi_unpin_keywords":"","_relevanssi_related_keywords":"","_relevanssi_related_include_ids":"","_relevanssi_related_exclude_ids":"","_relevanssi_related_no_append":"","_relevanssi_related_not_related":"","_relevanssi_related_posts":"","_relevanssi_noindex_reason":"","inline_featured_image":false,"slim_seo":{"title":"Capacidades Gast | Tecnolog\u00edas Neum\u00e1ticas Avanzadas y Soluciones a Medida","description":"Explore las capacidades de Gast: desde tecnolog\u00edas de filtrado y sistemas neum\u00e1ticos escalables hasta soluciones de aire limpio y potente. Descubra c\u00f3mo nuestra experiencia l\u00edder en la industria y caracter\u00edsticas personalizables impulsan la precisi\u00f3n, el rendimiento y la innovaci\u00f3n."},"footnotes":""},"class_list":["post-4088","page","type-page","status-publish","hentry"],"acf":[],"_links":{"self":[{"href":"https:\/\/gastmfg.com\/es\/wp-json\/wp\/v2\/pages\/4088","targetHints":{"allow":["GET"]}}],"collection":[{"href":"https:\/\/gastmfg.com\/es\/wp-json\/wp\/v2\/pages"}],"about":[{"href":"https:\/\/gastmfg.com\/es\/wp-json\/wp\/v2\/types\/page"}],"author":[{"embeddable":true,"href":"https:\/\/gastmfg.com\/es\/wp-json\/wp\/v2\/users\/1"}],"replies":[{"embeddable":true,"href":"https:\/\/gastmfg.com\/es\/wp-json\/wp\/v2\/comments?post=4088"}],"version-history":[{"count":0,"href":"https:\/\/gastmfg.com\/es\/wp-json\/wp\/v2\/pages\/4088\/revisions"}],"wp:attachment":[{"href":"https:\/\/gastmfg.com\/es\/wp-json\/wp\/v2\/media?parent=4088"}],"curies":[{"name":"wp","href":"https:\/\/api.w.org\/{rel}","templated":true}]}}