{"id":4061,"date":"2025-08-19T16:44:54","date_gmt":"2025-08-19T20:44:54","guid":{"rendered":"https:\/\/gastmfg.com\/pneumatic-solutions\/portability-copy\/"},"modified":"2025-09-23T22:58:10","modified_gmt":"2025-09-24T02:58:10","slug":"portabilidad","status":"publish","type":"page","link":"https:\/\/gastmfg.com\/es\/pneumatic-solutions\/portability\/","title":{"rendered":"Portabilidad"},"content":{"rendered":"","protected":false},"excerpt":{"rendered":"","protected":false},"author":1,"featured_media":0,"parent":3983,"menu_order":0,"comment_status":"closed","ping_status":"closed","template":"template-innovative-features.php","meta":{"_acf_changed":false,"_relevanssi_hide_post":"","_relevanssi_hide_content":"","_relevanssi_pin_for_all":"","_relevanssi_pin_keywords":"","_relevanssi_unpin_keywords":"","_relevanssi_related_keywords":"","_relevanssi_related_include_ids":"","_relevanssi_related_exclude_ids":"","_relevanssi_related_no_append":"","_relevanssi_related_not_related":"","_relevanssi_related_posts":"","_relevanssi_noindex_reason":"","inline_featured_image":false,"slim_seo":{"title":"Soluciones Neum\u00e1ticas Port\u00e1tiles Gast | Sistemas de Aire Compactos y M\u00f3viles","description":"Descubra las soluciones neum\u00e1ticas port\u00e1tiles de Gast: compresores, soplantes y motores compactos, ligeros y m\u00f3viles dise\u00f1ados para ofrecer flexibilidad, f\u00e1cil despliegue y un rendimiento \u00f3ptimo en diversos entornos."},"footnotes":""},"class_list":["post-4061","page","type-page","status-publish","hentry"],"acf":[],"_links":{"self":[{"href":"https:\/\/gastmfg.com\/es\/wp-json\/wp\/v2\/pages\/4061","targetHints":{"allow":["GET"]}}],"collection":[{"href":"https:\/\/gastmfg.com\/es\/wp-json\/wp\/v2\/pages"}],"about":[{"href":"https:\/\/gastmfg.com\/es\/wp-json\/wp\/v2\/types\/page"}],"author":[{"embeddable":true,"href":"https:\/\/gastmfg.com\/es\/wp-json\/wp\/v2\/users\/1"}],"replies":[{"embeddable":true,"href":"https:\/\/gastmfg.com\/es\/wp-json\/wp\/v2\/comments?post=4061"}],"version-history":[{"count":0,"href":"https:\/\/gastmfg.com\/es\/wp-json\/wp\/v2\/pages\/4061\/revisions"}],"up":[{"embeddable":true,"href":"https:\/\/gastmfg.com\/es\/wp-json\/wp\/v2\/pages\/3983"}],"wp:attachment":[{"href":"https:\/\/gastmfg.com\/es\/wp-json\/wp\/v2\/media?parent=4061"}],"curies":[{"name":"wp","href":"https:\/\/api.w.org\/{rel}","templated":true}]}}