{"id":4044,"date":"2025-08-19T15:43:41","date_gmt":"2025-08-19T19:43:41","guid":{"rendered":"https:\/\/gastmfg.com\/pneumatic-solutions\/sound-management-copy\/"},"modified":"2025-09-23T22:49:44","modified_gmt":"2025-09-24T02:49:44","slug":"gestion-adecuada","status":"publish","type":"page","link":"https:\/\/gastmfg.com\/es\/pneumatic-solutions\/sound-management\/","title":{"rendered":"Gesti\u00f3n del sonido"},"content":{"rendered":"","protected":false},"excerpt":{"rendered":"","protected":false},"author":1,"featured_media":0,"parent":3983,"menu_order":0,"comment_status":"closed","ping_status":"closed","template":"template-innovative-features.php","meta":{"_acf_changed":false,"_relevanssi_hide_post":"","_relevanssi_hide_content":"","_relevanssi_pin_for_all":"","_relevanssi_pin_keywords":"","_relevanssi_unpin_keywords":"","_relevanssi_related_keywords":"","_relevanssi_related_include_ids":"","_relevanssi_related_exclude_ids":"","_relevanssi_related_no_append":"","_relevanssi_related_not_related":"","_relevanssi_related_posts":"","_relevanssi_noindex_reason":"","inline_featured_image":false,"slim_seo":{"title":"Gast Sound Management | Soluciones neum\u00e1ticas silenciosas con Sound Shield","description":"Reduzca el ruido sin sacrificar el rendimiento. La gesti\u00f3n del sonido de Gast aprovecha la tecnolog\u00eda Sound Shield pendiente de patente, que ofrece una reducci\u00f3n de hasta 25% dB(A) y 40% Sone para compresores y bombas con una instalaci\u00f3n sencilla."},"footnotes":""},"class_list":["post-4044","page","type-page","status-publish","hentry"],"acf":[],"_links":{"self":[{"href":"https:\/\/gastmfg.com\/es\/wp-json\/wp\/v2\/pages\/4044","targetHints":{"allow":["GET"]}}],"collection":[{"href":"https:\/\/gastmfg.com\/es\/wp-json\/wp\/v2\/pages"}],"about":[{"href":"https:\/\/gastmfg.com\/es\/wp-json\/wp\/v2\/types\/page"}],"author":[{"embeddable":true,"href":"https:\/\/gastmfg.com\/es\/wp-json\/wp\/v2\/users\/1"}],"replies":[{"embeddable":true,"href":"https:\/\/gastmfg.com\/es\/wp-json\/wp\/v2\/comments?post=4044"}],"version-history":[{"count":0,"href":"https:\/\/gastmfg.com\/es\/wp-json\/wp\/v2\/pages\/4044\/revisions"}],"up":[{"embeddable":true,"href":"https:\/\/gastmfg.com\/es\/wp-json\/wp\/v2\/pages\/3983"}],"wp:attachment":[{"href":"https:\/\/gastmfg.com\/es\/wp-json\/wp\/v2\/media?parent=4044"}],"curies":[{"name":"wp","href":"https:\/\/api.w.org\/{rel}","templated":true}]}}