{"id":4027,"date":"2025-08-19T09:28:48","date_gmt":"2025-08-19T13:28:48","guid":{"rendered":"https:\/\/gastmfg.com\/warranty-copy\/"},"modified":"2026-04-20T09:28:13","modified_gmt":"2026-04-20T13:28:13","slug":"garantia","status":"publish","type":"page","link":"https:\/\/gastmfg.com\/es\/warranty\/","title":{"rendered":"Garant\u00eda"},"content":{"rendered":"","protected":false},"excerpt":{"rendered":"","protected":false},"author":1,"featured_media":0,"parent":0,"menu_order":0,"comment_status":"closed","ping_status":"closed","template":"template-warranty.php","meta":{"_acf_changed":false,"_relevanssi_hide_post":"","_relevanssi_hide_content":"","_relevanssi_pin_for_all":"","_relevanssi_pin_keywords":"","_relevanssi_unpin_keywords":"","_relevanssi_related_keywords":"","_relevanssi_related_include_ids":"","_relevanssi_related_exclude_ids":"","_relevanssi_related_no_append":"","_relevanssi_related_not_related":"","_relevanssi_related_posts":"","_relevanssi_noindex_reason":"","inline_featured_image":false,"slim_seo":{"title":"Garant\u00eda de Gast | Informaci\u00f3n sobre la cobertura del producto y las reclamaciones","description":"Consulte la cobertura, las condiciones y los requisitos de reclamaci\u00f3n de la garant\u00eda de Gast. Obtenga informaci\u00f3n sobre las garant\u00edas de los productos, los defectos y c\u00f3mo solicitar servicio t\u00e9cnico o asistencia."},"footnotes":""},"class_list":["post-4027","page","type-page","status-publish","hentry"],"acf":[],"_links":{"self":[{"href":"https:\/\/gastmfg.com\/es\/wp-json\/wp\/v2\/pages\/4027","targetHints":{"allow":["GET"]}}],"collection":[{"href":"https:\/\/gastmfg.com\/es\/wp-json\/wp\/v2\/pages"}],"about":[{"href":"https:\/\/gastmfg.com\/es\/wp-json\/wp\/v2\/types\/page"}],"author":[{"embeddable":true,"href":"https:\/\/gastmfg.com\/es\/wp-json\/wp\/v2\/users\/1"}],"replies":[{"embeddable":true,"href":"https:\/\/gastmfg.com\/es\/wp-json\/wp\/v2\/comments?post=4027"}],"version-history":[{"count":0,"href":"https:\/\/gastmfg.com\/es\/wp-json\/wp\/v2\/pages\/4027\/revisions"}],"wp:attachment":[{"href":"https:\/\/gastmfg.com\/es\/wp-json\/wp\/v2\/media?parent=4027"}],"curies":[{"name":"wp","href":"https:\/\/api.w.org\/{rel}","templated":true}]}}