{"id":4025,"date":"2025-08-19T09:21:49","date_gmt":"2025-08-19T13:21:49","guid":{"rendered":"https:\/\/gastmfg.com\/operation-maintenance-manuals-copy\/"},"modified":"2025-09-23T22:30:52","modified_gmt":"2025-09-24T02:30:52","slug":"manuales-de-operacion-y-mantenimiento","status":"publish","type":"page","link":"https:\/\/gastmfg.com\/es\/operation-maintenance-manuals\/","title":{"rendered":"Manuales de uso y mantenimiento"},"content":{"rendered":"","protected":false},"excerpt":{"rendered":"","protected":false},"author":1,"featured_media":0,"parent":0,"menu_order":0,"comment_status":"closed","ping_status":"closed","template":"template-document-type.php","meta":{"_acf_changed":false,"_relevanssi_hide_post":"","_relevanssi_hide_content":"","_relevanssi_pin_for_all":"","_relevanssi_pin_keywords":"","_relevanssi_unpin_keywords":"","_relevanssi_related_keywords":"","_relevanssi_related_include_ids":"","_relevanssi_related_exclude_ids":"","_relevanssi_related_no_append":"","_relevanssi_related_not_related":"","_relevanssi_related_posts":"","_relevanssi_noindex_reason":"","inline_featured_image":false,"slim_seo":{"title":"Gast Manuales de Operaci\u00f3n y Mantenimiento | Descargar Gu\u00edas de Usuario por Tipo de Producto","description":"Acceda a los manuales de operaci\u00f3n y mantenimiento de Gast por categor\u00eda - motores de aire, soplantes, pist\u00f3n, diafragma, pist\u00f3n oscilante, paletas rotativas y sistemas - para una r\u00e1pida instalaci\u00f3n, operaci\u00f3n y gu\u00eda de mantenimiento."},"footnotes":""},"class_list":["post-4025","page","type-page","status-publish","hentry"],"acf":[],"_links":{"self":[{"href":"https:\/\/gastmfg.com\/es\/wp-json\/wp\/v2\/pages\/4025","targetHints":{"allow":["GET"]}}],"collection":[{"href":"https:\/\/gastmfg.com\/es\/wp-json\/wp\/v2\/pages"}],"about":[{"href":"https:\/\/gastmfg.com\/es\/wp-json\/wp\/v2\/types\/page"}],"author":[{"embeddable":true,"href":"https:\/\/gastmfg.com\/es\/wp-json\/wp\/v2\/users\/1"}],"replies":[{"embeddable":true,"href":"https:\/\/gastmfg.com\/es\/wp-json\/wp\/v2\/comments?post=4025"}],"version-history":[{"count":0,"href":"https:\/\/gastmfg.com\/es\/wp-json\/wp\/v2\/pages\/4025\/revisions"}],"wp:attachment":[{"href":"https:\/\/gastmfg.com\/es\/wp-json\/wp\/v2\/media?parent=4025"}],"curies":[{"name":"wp","href":"https:\/\/api.w.org\/{rel}","templated":true}]}}