{"id":4023,"date":"2025-08-19T09:14:28","date_gmt":"2025-08-19T13:14:28","guid":{"rendered":"https:\/\/gastmfg.com\/gast-patents-copy\/"},"modified":"2025-09-23T22:28:29","modified_gmt":"2025-09-24T02:28:29","slug":"certificaciones-de-productos-patentes","status":"publish","type":"page","link":"https:\/\/gastmfg.com\/es\/product-certifications-patents\/","title":{"rendered":"Certificaciones y patentes de productos"},"content":{"rendered":"","protected":false},"excerpt":{"rendered":"","protected":false},"author":1,"featured_media":0,"parent":0,"menu_order":0,"comment_status":"closed","ping_status":"closed","template":"template-product-certifications-and-patents.php","meta":{"_acf_changed":false,"_relevanssi_hide_post":"","_relevanssi_hide_content":"","_relevanssi_pin_for_all":"","_relevanssi_pin_keywords":"","_relevanssi_unpin_keywords":"","_relevanssi_related_keywords":"","_relevanssi_related_include_ids":"","_relevanssi_related_exclude_ids":"","_relevanssi_related_no_append":"","_relevanssi_related_not_related":"","_relevanssi_related_posts":"","_relevanssi_noindex_reason":"","inline_featured_image":false,"slim_seo":{"title":"Patentes Gast | Protecciones de tecnolog\u00eda neum\u00e1tica innovadora","description":"Explore las tecnolog\u00edas patentadas de Gast, desde conjuntos de reducci\u00f3n de sonido en compresores de pist\u00f3n basculante hasta dise\u00f1os modulares de paletas rotativas, destacando nuestro compromiso con la innovaci\u00f3n en sistemas neum\u00e1ticos."},"footnotes":""},"class_list":["post-4023","page","type-page","status-publish","hentry"],"acf":[],"_links":{"self":[{"href":"https:\/\/gastmfg.com\/es\/wp-json\/wp\/v2\/pages\/4023","targetHints":{"allow":["GET"]}}],"collection":[{"href":"https:\/\/gastmfg.com\/es\/wp-json\/wp\/v2\/pages"}],"about":[{"href":"https:\/\/gastmfg.com\/es\/wp-json\/wp\/v2\/types\/page"}],"author":[{"embeddable":true,"href":"https:\/\/gastmfg.com\/es\/wp-json\/wp\/v2\/users\/1"}],"replies":[{"embeddable":true,"href":"https:\/\/gastmfg.com\/es\/wp-json\/wp\/v2\/comments?post=4023"}],"version-history":[{"count":0,"href":"https:\/\/gastmfg.com\/es\/wp-json\/wp\/v2\/pages\/4023\/revisions"}],"wp:attachment":[{"href":"https:\/\/gastmfg.com\/es\/wp-json\/wp\/v2\/media?parent=4023"}],"curies":[{"name":"wp","href":"https:\/\/api.w.org\/{rel}","templated":true}]}}