{"id":5150,"date":"2026-02-05T12:14:29","date_gmt":"2026-02-05T17:14:29","guid":{"rendered":"https:\/\/gastmfg.com\/cad-models-copy\/"},"modified":"2026-02-05T14:19:41","modified_gmt":"2026-02-05T19:19:41","slug":"literatur-2","status":"publish","type":"page","link":"https:\/\/gastmfg.com\/de\/literature\/","title":{"rendered":"Literatur"},"content":{"rendered":"","protected":false},"excerpt":{"rendered":"","protected":false},"author":1,"featured_media":0,"parent":0,"menu_order":0,"comment_status":"closed","ping_status":"closed","template":"template-document-type.php","meta":{"_acf_changed":false,"_relevanssi_hide_post":"","_relevanssi_hide_content":"","_relevanssi_pin_for_all":"","_relevanssi_pin_keywords":"","_relevanssi_unpin_keywords":"","_relevanssi_related_keywords":"","_relevanssi_related_include_ids":"","_relevanssi_related_exclude_ids":"","_relevanssi_related_no_append":"","_relevanssi_related_not_related":"","_relevanssi_related_posts":"","_relevanssi_noindex_reason":"","inline_featured_image":false,"slim_seo":{"title":"Gast CAD-Modelle | Download 3D-Dateien f\u00fcr pneumatische Produkte","description":"Durchsuchen Sie die CAD-Modelle der pneumatischen Ger\u00e4te von Gast und laden Sie sie herunter - im STEP-Format f\u00fcr eine nahtlose Integration der Konstruktion."},"footnotes":""},"class_list":["post-5150","page","type-page","status-publish","hentry"],"acf":[],"_links":{"self":[{"href":"https:\/\/gastmfg.com\/de\/wp-json\/wp\/v2\/pages\/5150","targetHints":{"allow":["GET"]}}],"collection":[{"href":"https:\/\/gastmfg.com\/de\/wp-json\/wp\/v2\/pages"}],"about":[{"href":"https:\/\/gastmfg.com\/de\/wp-json\/wp\/v2\/types\/page"}],"author":[{"embeddable":true,"href":"https:\/\/gastmfg.com\/de\/wp-json\/wp\/v2\/users\/1"}],"replies":[{"embeddable":true,"href":"https:\/\/gastmfg.com\/de\/wp-json\/wp\/v2\/comments?post=5150"}],"version-history":[{"count":0,"href":"https:\/\/gastmfg.com\/de\/wp-json\/wp\/v2\/pages\/5150\/revisions"}],"wp:attachment":[{"href":"https:\/\/gastmfg.com\/de\/wp-json\/wp\/v2\/media?parent=5150"}],"curies":[{"name":"wp","href":"https:\/\/api.w.org\/{rel}","templated":true}]}}