{"id":4111,"date":"2025-08-19T20:01:49","date_gmt":"2025-08-20T00:01:49","guid":{"rendered":"https:\/\/gastmfg.com\/idex-foundation-copy\/"},"modified":"2026-03-09T14:52:50","modified_gmt":"2026-03-09T18:52:50","slug":"idex-stiftung","status":"publish","type":"page","link":"https:\/\/gastmfg.com\/de\/idex-foundation\/","title":{"rendered":"IDEX-Stiftung"},"content":{"rendered":"","protected":false},"excerpt":{"rendered":"","protected":false},"author":1,"featured_media":0,"parent":0,"menu_order":0,"comment_status":"closed","ping_status":"closed","template":"template-idex-foundation.php","meta":{"_acf_changed":false,"_relevanssi_hide_post":"","_relevanssi_hide_content":"","_relevanssi_pin_for_all":"","_relevanssi_pin_keywords":"","_relevanssi_unpin_keywords":"","_relevanssi_related_keywords":"","_relevanssi_related_include_ids":"","_relevanssi_related_exclude_ids":"","_relevanssi_related_no_append":"","_relevanssi_related_not_related":"","_relevanssi_related_posts":"","_relevanssi_noindex_reason":"","inline_featured_image":false,"slim_seo":{"title":"IDEX Foundation | Gast's Community &amp; Charitable Giving","description":"Erfahren Sie mehr \u00fcber die IDEX Foundation, den gemeinn\u00fctzigen Zweig der Muttergesellschaft von Gast, der ehrenamtliche T\u00e4tigkeiten von Mitarbeitern, Zusch\u00fcsse und den Einfluss auf die Gemeinde durch Initiativen in den Bereichen Gesundheit, Bildung, Umwelt und F\u00fchrung unterst\u00fctzt."},"footnotes":""},"class_list":["post-4111","page","type-page","status-publish","hentry"],"acf":[],"_links":{"self":[{"href":"https:\/\/gastmfg.com\/de\/wp-json\/wp\/v2\/pages\/4111","targetHints":{"allow":["GET"]}}],"collection":[{"href":"https:\/\/gastmfg.com\/de\/wp-json\/wp\/v2\/pages"}],"about":[{"href":"https:\/\/gastmfg.com\/de\/wp-json\/wp\/v2\/types\/page"}],"author":[{"embeddable":true,"href":"https:\/\/gastmfg.com\/de\/wp-json\/wp\/v2\/users\/1"}],"replies":[{"embeddable":true,"href":"https:\/\/gastmfg.com\/de\/wp-json\/wp\/v2\/comments?post=4111"}],"version-history":[{"count":0,"href":"https:\/\/gastmfg.com\/de\/wp-json\/wp\/v2\/pages\/4111\/revisions"}],"wp:attachment":[{"href":"https:\/\/gastmfg.com\/de\/wp-json\/wp\/v2\/media?parent=4111"}],"curies":[{"name":"wp","href":"https:\/\/api.w.org\/{rel}","templated":true}]}}