{"id":4102,"date":"2025-08-19T19:44:59","date_gmt":"2025-08-19T23:44:59","guid":{"rendered":"https:\/\/gastmfg.com\/video-gallery-copy\/"},"modified":"2025-10-22T19:40:28","modified_gmt":"2025-10-22T23:40:28","slug":"videogalerie","status":"publish","type":"page","link":"https:\/\/gastmfg.com\/de\/video-gallery\/","title":{"rendered":"Video-Galerie"},"content":{"rendered":"","protected":false},"excerpt":{"rendered":"","protected":false},"author":1,"featured_media":0,"parent":0,"menu_order":0,"comment_status":"closed","ping_status":"closed","template":"template-video-gallery.php","meta":{"_acf_changed":false,"_relevanssi_hide_post":"","_relevanssi_hide_content":"","_relevanssi_pin_for_all":"","_relevanssi_pin_keywords":"","_relevanssi_unpin_keywords":"","_relevanssi_related_keywords":"","_relevanssi_related_include_ids":"","_relevanssi_related_exclude_ids":"","_relevanssi_related_no_append":"","_relevanssi_related_not_related":"","_relevanssi_related_posts":"","_relevanssi_noindex_reason":"","inline_featured_image":false,"slim_seo":{"title":"Video-Galerie | Gast Manufacturing Pneumatische L\u00f6sungen","description":"Entdecken Sie die Videogalerie von Gast Manufacturing - entdecken Sie Produktdemonstrationen, Wartungstipps und Fallbeispiele, die ihre fortschrittlichen Pneumatik-, Gebl\u00e4se- und Vakuumpumpenl\u00f6sungen f\u00fcr die Industrie, den Energiesektor, die Getr\u00e4nkeindustrie und den Wellnessbereich vorstellen."},"footnotes":""},"class_list":["post-4102","page","type-page","status-publish","hentry"],"acf":[],"_links":{"self":[{"href":"https:\/\/gastmfg.com\/de\/wp-json\/wp\/v2\/pages\/4102","targetHints":{"allow":["GET"]}}],"collection":[{"href":"https:\/\/gastmfg.com\/de\/wp-json\/wp\/v2\/pages"}],"about":[{"href":"https:\/\/gastmfg.com\/de\/wp-json\/wp\/v2\/types\/page"}],"author":[{"embeddable":true,"href":"https:\/\/gastmfg.com\/de\/wp-json\/wp\/v2\/users\/1"}],"replies":[{"embeddable":true,"href":"https:\/\/gastmfg.com\/de\/wp-json\/wp\/v2\/comments?post=4102"}],"version-history":[{"count":0,"href":"https:\/\/gastmfg.com\/de\/wp-json\/wp\/v2\/pages\/4102\/revisions"}],"wp:attachment":[{"href":"https:\/\/gastmfg.com\/de\/wp-json\/wp\/v2\/media?parent=4102"}],"curies":[{"name":"wp","href":"https:\/\/api.w.org\/{rel}","templated":true}]}}