{"id":4098,"date":"2025-08-19T18:33:19","date_gmt":"2025-08-19T22:33:19","guid":{"rendered":"https:\/\/gastmfg.com\/privacy-policy-copy\/"},"modified":"2025-09-23T23:15:43","modified_gmt":"2025-09-24T03:15:43","slug":"erklarung-zum-datenschutz","status":"publish","type":"page","link":"https:\/\/gastmfg.com\/de\/privacy-statement\/","title":{"rendered":"Erkl\u00e4rung zum Datenschutz"},"content":{"rendered":"<h5>1. Geltungsbereich und Einf\u00fchrung f\u00fcr alle Besucher der Website<\/h5>\n<p>Die Gast Manufacturing, Inc. Datenschutzerkl\u00e4rung (\"Erkl\u00e4rung\") erl\u00e4utert, wie personenbezogene Daten von Gast Manufacturing, Inc. gesammelt, verwendet und offengelegt werden, wenn Nutzer auf die auf unserer Website (www.gastmfg.com) angebotenen Dienstleistungen und Funktionen zugreifen und diese nutzen, sowie auf alle anderen Websites oder mobilen Anwendungen, die mit dieser Erkl\u00e4rung verlinkt sind (die \"Websites\").<\/p>\n<p>Diese Erkl\u00e4rung wird erg\u00e4nzt und ist hierin enthalten durch die\u00a0<span style=\"color: #94c949;\"><a style=\"color: #94c949;\" href=\"https:\/\/gastmfg.com\/wp-content\/uploads\/2025\/08\/GAST_Cookie_Notice_0.pdf\" target=\"_blank\" rel=\"noopener\">Gast Cookie-Hinweis<\/a><\/span>die\u00a0<span style=\"color: #94c949;\"><a style=\"color: #94c949;\" href=\"https:\/\/gastmfg.com\/wp-content\/uploads\/2025\/08\/GAST_Business_Contact_Privacy_Notice.pdf\" target=\"_blank\" rel=\"noopener\">Gast Business Contact Datenschutzhinweis,<\/a> <\/span>die\u00a0<span style=\"color: #94c949;\"><a style=\"color: #94c949;\" href=\"https:\/\/gastmfg.com\/wp-content\/uploads\/2025\/08\/GAST_Job_Applicant_Privacy_Notice.pdf\" target=\"_blank\" rel=\"noopener\">Gast Job Applicant Privacy Notice,<\/a><\/span> die\u00a0<span style=\"color: #94c949;\"><a style=\"color: #94c949;\" href=\"https:\/\/gastmfg.com\/wp-content\/uploads\/2025\/08\/GDPR_Privacy_Addendum_Corrected.pdf\" target=\"_blank\" rel=\"noopener\">GDPR-Datenschutz-Zusatz,<\/a><\/span> die\u00a0<span style=\"color: #94c949;\"><a style=\"color: #94c949;\" href=\"https:\/\/gastmfg.com\/wp-content\/uploads\/2025\/08\/PIPL_Privacy_Addendum.pdf\" target=\"_blank\" rel=\"noopener\">PIPL-Zusatz zum Datenschutz,<\/a><\/span> und die<span style=\"color: #94c949;\"><a style=\"color: #94c949;\" href=\"https:\/\/gastmfg.com\/wp-content\/uploads\/2025\/08\/California_Privacy_Addendum_0.pdf\" target=\"_blank\" rel=\"noopener\">\u00a0Zusatz zum Datenschutz in Kalifornien<\/a><\/span>.<\/p>\n<p>Internationale Nutzer der Seiten - Nutzer aus verschiedenen L\u00e4ndern und Staaten k\u00f6nnen die Seiten besuchen. Abschnitt 1 der vorliegenden Erkl\u00e4rung gilt f\u00fcr alle Nutzer. Je nach Ihrem Wohnsitz k\u00f6nnen weitere Abschnitte f\u00fcr Sie gelten.<\/p>\n<h5>2. Sammlung von Informationen<\/h5>\n<p>Wir sammeln die folgenden Informationen auf unserer Website:<\/p>\n<p><strong>a) Automatisch gesammelte Informationen:<\/strong><\/p>\n<p>Wenn Sie auf unsere Websites zugreifen oder sie nutzen, erfassen wir automatisch die folgenden Informationen, die getrennt von anderen Daten gespeichert werden, die Sie uns m\u00f6glicherweise zur Verf\u00fcgung stellen. Wir verwenden diese Informationen, um Ihnen die Seiten zur Verf\u00fcgung zu stellen, um statistische und anonyme Informationen \u00fcber die Nutzer der Seiten abzuleiten und um die technische Verwaltung und Sicherheit der Seiten zu gew\u00e4hrleisten:<\/p>\n<ul>\n<li><strong>Informationen protokollieren<\/strong>\u00a0- Wir protokollieren Informationen \u00fcber jede Sitzung und die Nutzung der Websites, einschlie\u00dflich des von Ihnen verwendeten Browsertyps, der Zugriffszeiten, der aufgerufenen Seiten, Ihrer IP-Adresse und der Seite, die Sie besucht haben, bevor Sie zu unseren Websites navigierten.<\/li>\n<li><strong>Informationen zum Ger\u00e4t<\/strong>\u00a0- Wir sammeln Informationen \u00fcber den Computer oder das mobile Ger\u00e4t, das Sie f\u00fcr den Zugriff auf unsere Websites verwenden, einschlie\u00dflich des Hardware-Modells, des Betriebssystems und der Version sowie Informationen \u00fcber das mobile Netzwerk.<\/li>\n<li><strong>Durch Cookies und andere Tracking-Technologien gesammelte Informationen\u00a0<\/strong>- Wir verwenden verschiedene Technologien, um Informationen zu sammeln, insbesondere Cookies und Web Beacons. Cookies sind kleine Textdateien, die eine Website oder ihr Dienstanbieter \u00fcber Ihren Webbrowser auf Ihre Ger\u00e4te, wie z. B. Mobilger\u00e4te oder Computer, \u00fcbertr\u00e4gt (sofern Sie dies zulassen) und die es den Systemen der Websites oder Dienstanbieter erm\u00f6glichen, Ihren Browser zu erkennen und bestimmte Informationen zu erfassen und zu speichern. Wir verwenden Cookies, um Ihre Pr\u00e4ferenzen f\u00fcr k\u00fcnftige Besuche zu verstehen und zu speichern und um Gesamtdaten \u00fcber den Website-Verkehr und die Interaktion mit der Website zusammenzustellen. Unsere Website und unsere E-Mails k\u00f6nnen auch kleine elektronische Dateien enthalten, die als Web-Beacons (auch als Clear Gifs, Pixel-Tags und Ein-Pixel-Geschenke bezeichnet) bekannt sind und die es IDEX beispielsweise erm\u00f6glichen, die Anzahl der Nutzer zu z\u00e4hlen, die diese Seiten der Website besucht oder eine E-Mail ge\u00f6ffnet haben, sowie andere damit zusammenh\u00e4ngende Statistiken zu erstellen (z. B. die Ermittlung der Beliebtheit bestimmter Inhalte und die \u00dcberpr\u00fcfung der Serverintegrit\u00e4t). Weitere Informationen \u00fcber unsere Verwendung von Cookies finden Sie in unserer Cookie-Notiz.<\/li>\n<\/ul>\n<p><strong>b) Informationen, die Sie uns zur Verf\u00fcgung stellen:<\/strong><\/p>\n<p>Wir erfassen auch Informationen, die Sie uns direkt zur Verf\u00fcgung stellen. Wenn Sie die Websites besuchen, erfassen wir beispielsweise Informationen, wenn Sie ein Konto anlegen, auf eine Umfrage antworten, an interaktiven Funktionen der Websites teilnehmen, sich f\u00fcr einen Newsletter anmelden oder allgemeines Feedback geben. Zu den Informationen, die wir erfassen k\u00f6nnen, geh\u00f6ren Ihr Name, Ihr Firmenname, Ihr Titel, Ihre Adresse, Ihre Telefonnummer, Ihre E-Mail-Adresse und alle anderen Informationen, die Sie uns zur Verf\u00fcgung stellen. Wir erfassen diese Informationen, um die von Ihnen genutzte Funktion anbieten zu k\u00f6nnen.<\/p>\n<p>&nbsp;<\/p>\n<h5>3. Nutzung von Informationen<\/h5>\n<ul>\n<li>Wir k\u00f6nnen Informationen \u00fcber Sie f\u00fcr verschiedene Zwecke verwenden, einschlie\u00dflich:<\/li>\n<li>Bereitstellung unserer Seiten f\u00fcr die Nutzer; Pflege und Verbesserung unserer Seiten;<\/li>\n<li>Bereitstellung und Verbesserung unseres Kundendienstes, einschlie\u00dflich der Beantwortung Ihrer Kommentare, Fragen und W\u00fcnsche (z. B. Produktanfragen oder technische Fragen);<\/li>\n<li>Analyse und Verwaltung unseres Gesch\u00e4fts;<\/li>\n<li>Aufbau und Verwaltung unserer Gesch\u00e4ftsbeziehung (z. B. wenn Sie als Kunde \u00fcber eine der Websites Kontakt mit uns aufnehmen und wir diese Anfrage mit Ihrem Gesch\u00e4ftskonto verbinden);<\/li>\n<li>Verbesserung unserer IT-Sicherheit;<\/li>\n<li>Verteidigung unserer rechtlichen Interessen (z. B. bei der Geltendmachung von Rechtsmitteln bei Angriffen auf unsere Website);<\/li>\n<li>Bearbeitung von Besch\u00e4ftigungsanfragen;<\/li>\n<li>Kommunikation mit Ihnen \u00fcber Dienstleistungen, Angebote, Werbeaktionen, Pr\u00e4mien und Veranstaltungen, die von IDEX und anderen angeboten werden; und<\/li>\n<li>Ausf\u00fchrung jedes anderen Zwecks, der Ihnen zum Zeitpunkt der Datenerfassung beschrieben wurde, oder f\u00fcr jeden anderen Zweck mit Ihrer Zustimmung<\/li>\n<\/ul>\n<p>Wir k\u00f6nnen Ihre Daten auch verwenden, um Sie \u00fcber unsere eigenen Waren und Dienstleistungen zu informieren, die f\u00fcr Sie von Interesse sein k\u00f6nnten. Wenn Sie nicht m\u00f6chten, dass wir Ihre Daten auf diese Weise verwenden, lesen Sie bitte den Abschnitt \"Wahlm\u00f6glichkeiten bez\u00fcglich der Verwendung und Offenlegung Ihrer Daten\" in diesem Datenschutzhinweis.<\/p>\n<p>&nbsp;<\/p>\n<h5>4. Empf\u00e4nger und Kategorien von Empf\u00e4ngern von personenbezogenen Daten<\/h5>\n<p>Wir geben keine Informationen \u00fcber Sie weiter, verkaufen sie nicht und geben sie auch nicht f\u00fcr andere als die in dieser Erkl\u00e4rung genannten Zwecke weiter. Wir sind jedoch berechtigt, zusammengefasste Informationen \u00fcber unsere Nutzer und andere Informationen, die keine R\u00fcckschl\u00fcsse auf Einzelpersonen zulassen, ohne Einschr\u00e4nkung zu verwenden und offenzulegen. Wir k\u00f6nnen Informationen \u00fcber Sie wie folgt oder wie anderweitig in dieser Website-Datenschutzerkl\u00e4rung beschrieben und in jedem Fall nur in \u00dcbereinstimmung mit dem geltenden Recht weitergeben. M\u00f6gliche Empf\u00e4nger oder Kategorien von Empf\u00e4ngern Ihrer personenbezogenen Daten sind:<\/p>\n<ul>\n<li>andere Unternehmen der IDEX-Gruppe, wenn eine solche \u00dcbermittlung personenbezogener Daten f\u00fcr den jeweiligen Zweck erforderlich ist (eine Liste der Unternehmen der IDEX-Gruppe finden Sie\u00a0<span style=\"color: #231f20;\"><a style=\"color: #231f20;\" href=\"https:\/\/www.idexcorp.com\/affiliates-list\/\">hier<\/a><\/span>);<\/li>\n<li>Anbieter und Vertriebspartner wie Distributoren und Handelsvertreter f\u00fcr die Produkte des Unternehmens;<\/li>\n<li>Dienstleister, die personenbezogene Daten in unserem Auftrag verarbeiten, aber unsere Anweisungen f\u00fcr diese Verarbeitung befolgen m\u00fcssen; IDEX wird alle angemessenen Anstrengungen unternehmen, um sicherzustellen, dass diese Dienstleister Ihre personenbezogenen Daten nicht f\u00fcr andere als die von uns festgelegten Zwecke verwenden d\u00fcrfen;<\/li>\n<li>Beh\u00f6rden, denen wir Ihre personenbezogenen Daten zur Verf\u00fcgung stellen m\u00fcssen (z. B. Steuerbeh\u00f6rden oder Gesundheitsbeh\u00f6rden);<\/li>\n<li>Wirtschaftspr\u00fcfer oder \u00e4hnliche externe Berater wie Rechtsanw\u00e4lte oder Steuerberater;<\/li>\n<li>Autorisierte Dritte als Antwort auf eine Anfrage nach Informationen, wenn die Offenlegung in \u00dcbereinstimmung mit einem anwendbaren Gesetz, einer Verordnung oder einem Rechtsverfahren erfolgt oder anderweitig durch ein anwendbares Gesetz, eine Vorschrift oder eine Verordnung vorgeschrieben ist;<\/li>\n<li>Externe Ermittler, Berater oder Beh\u00f6rden, soweit dies gesetzlich zul\u00e4ssig ist, um illegale Aktivit\u00e4ten, Betrugsverdacht, Verletzung unserer Rechte an geistigem Eigentum, Situationen, die eine potenzielle Bedrohung f\u00fcr die physische Sicherheit von Personen darstellen, Verst\u00f6\u00dfe gegen die Bedingungen unserer Vereinbarungen zu untersuchen, zu verhindern oder Ma\u00dfnahmen zu ergreifen, oder soweit dies anderweitig gesetzlich vorgeschrieben ist;<\/li>\n<li>Wenn wir glauben, dass die Offenlegung notwendig oder angemessen ist, um die Rechte, das Eigentum oder die Sicherheit von IDEX, unseren Kunden oder anderen zu sch\u00fctzen. Dazu geh\u00f6rt auch der Austausch von Informationen mit anderen Unternehmen und Organisationen zum Zweck des Schutzes vor Betrug und der Reduzierung des Kreditrisikos.<\/li>\n<li>Potenzielle K\u00e4ufer und deren Berater im Rahmen von Fusionen und \u00dcbernahmen, an die wir Ihre personenbezogenen Daten vorbehaltlich angemessener Vertraulichkeitsverpflichtungen weitergeben k\u00f6nnen, falls wir beschlie\u00dfen, unser gesamtes Unternehmen oder Teile davon zu ver\u00e4u\u00dfern; und<\/li>\n<li>An andere Empf\u00e4nger mit Ihrer Zustimmung oder auf Ihre Anweisung hin, einschlie\u00dflich, wenn wir Sie \u00fcber unsere Websites dar\u00fcber informieren, dass die von Ihnen bereitgestellten Informationen auf eine bestimmte Art und Weise an bestimmte Personen weitergegeben werden und Sie diese Informationen bereitstellen.<\/li>\n<\/ul>\n<p>&nbsp;<\/p>\n<h5>5. Funktionen zur sozialen Freigabe<\/h5>\n<p>Auf unseren Websites k\u00f6nnen Sie mit sozialen Netzwerken interagieren, die von Dritten betrieben werden (siehe unten).<\/p>\n<p>&nbsp;<\/p>\n<h5>6. Sicherheit<\/h5>\n<p>IDEX ergreift angemessene Ma\u00dfnahmen, um Informationen \u00fcber Sie vor Verlust, Diebstahl, Missbrauch und unbefugtem Zugriff, Offenlegung, \u00c4nderung und Zerst\u00f6rung zu sch\u00fctzen. Allerdings ist kein Sicherheitssystem undurchdringlich und wir k\u00f6nnen die Sicherheit unserer Systeme nicht garantieren 100%. F\u00fcr den Fall, dass Informationen unter unserer Kontrolle durch eine Sicherheitsverletzung beeintr\u00e4chtigt werden, werden wir angemessene Ma\u00dfnahmen ergreifen, um die Situation zu untersuchen und gegebenenfalls die Personen zu benachrichtigen, deren Informationen m\u00f6glicherweise beeintr\u00e4chtigt wurden, und andere Schritte in \u00dcbereinstimmung mit den geltenden Gesetzen und Vorschriften zu unternehmen.<\/p>\n<p>Wenn Sie Fragen zu dieser Datenschutzerkl\u00e4rung, zu den Datenverarbeitungspraktiken von Gast Manufacturing, Inc. oder zu unseren Websites haben, k\u00f6nnen Sie uns unter <span style=\"color: #94c949;\"><a style=\"color: #94c949;\" href=\"mailto:gbhdppa@idexcorp.com\">gbhdppa@idexcorp.com<\/a><\/span>\u00a0oder\u00a0<span style=\"color: #94c949;\"><a style=\"color: #94c949;\" href=\"\/de\/privacy@idexcorp.com\/\">privacy@idexcorp.com.<\/a><\/span><\/p>\n<p>&nbsp;<\/p>\n<h5>7. Do Not Track-Signale<\/h5>\n<p>Einige Webbrowser erm\u00f6glichen es Ihnen, ein Signal an Websites und Online-Dienste zu senden, das angibt, dass sie Ihre Online-Aktivit\u00e4ten nicht verfolgen sollen. Derzeit beachten wir solche Signale nicht und wir \u00e4ndern nicht, welche Informationen wir sammeln oder wie wir diese Informationen verwenden, je nachdem, ob ein solches Signal gesendet oder von uns empfangen wird.<\/p>\n<p>&nbsp;<\/p>\n<h5>8. Wahlm\u00f6glichkeiten bez\u00fcglich der Verwendung und Offenlegung Ihrer Daten<\/h5>\n<p>Wir sind bestrebt, Ihnen die M\u00f6glichkeit zu geben, die von Ihnen zur Verf\u00fcgung gestellten pers\u00f6nlichen Daten zu kontrollieren. Wir haben Mechanismen geschaffen, um Ihnen die folgende Kontrolle \u00fcber Ihre Daten zu erm\u00f6glichen:<\/p>\n<p><strong>Kekse.<\/strong>\u00a0Die meisten Webbrowser sind so eingestellt, dass sie Cookies standardm\u00e4\u00dfig akzeptieren. Sie k\u00f6nnen Cookies blockieren, indem Sie die Einstellung Ihres Webbrowsers aktivieren, die es Ihnen erm\u00f6glicht, das Setzen aller oder einiger Cookies abzulehnen. Diese Einstellungen finden Sie normalerweise im Men\u00fc \"Optionen\" oder \"Einstellungen\" Ihres Webbrowsers. Um diese Einstellungen zu verstehen oder weitere Informationen zu erhalten, lesen Sie bitte die Dokumentation des Anbieters des von Ihnen verwendeten Webbrowsers. Weitere Informationen zum L\u00f6schen oder Blockieren von Cookies finden Sie unter: www.allaboutcookies.org. Wenn Sie Ihre Browser-Einstellungen jedoch so vornehmen, dass alle Cookies (einschlie\u00dflich wesentlicher Cookies) blockiert werden, k\u00f6nnen Sie m\u00f6glicherweise nicht auf alle oder Teile unserer Websites zugreifen oder bestimmte Funktionen der Websites nicht nutzen. Weitere Einzelheiten zu den auf unseren Websites verwendeten Cookies finden Sie in unserem Cookie-Hinweis.<\/p>\n<p>&nbsp;<\/p>\n<p><strong>Werbliche Kommunikation.<\/strong>\u00a0Sie k\u00f6nnen den Erhalt von Werbe-E-Mails oder -Nachrichten von Gast Manufacturing, Inc. abbestellen, indem Sie die Anweisungen in diesen E-Mails oder Nachrichten befolgen oder andere von uns zur Verf\u00fcgung gestellte Tools verwenden oder uns eine E-Mail an\u00a0<span style=\"color: #94c949;\"><a style=\"color: #94c949;\" href=\"mailto:gbhdppa@idexcorp.com\">gbhdppa@idexcorp.com<\/a><\/span>\u00a0oder\u00a0<span style=\"color: #94c949;\"><a style=\"color: #94c949;\" href=\"mailto:privacy@idexcorp.com\">privacy@idexcorp.com<\/a><\/span>. Wenn Sie sich dagegen entscheiden, k\u00f6nnen wir Ihnen weiterhin werbefreie Mitteilungen senden, z. B. \u00fcber Ihr Konto oder unsere laufende Servicebeziehung.<\/p>\n<p>&nbsp;<\/p>\n<h5>9. Zugang zu Ihren Informationen und deren Korrektur<\/h5>\n<p><strong>Allgemeines.<\/strong>\u00a0Sie k\u00f6nnen Ihre Daten jederzeit \u00fcberpr\u00fcfen oder deren Berichtigung oder L\u00f6schung beantragen, indem Sie uns unter den unten angegebenen Kontaktdaten kontaktieren. Beachten Sie jedoch, dass wir bestimmte Informationen aufbewahren k\u00f6nnen, wenn dies gesetzlich vorgeschrieben ist oder f\u00fcr legitime Gesch\u00e4ftszwecke. Wir k\u00f6nnen auch zwischengespeicherte oder archivierte Kopien von Informationen \u00fcber Sie f\u00fcr einen bestimmten Zeitraum aufbewahren.<\/p>\n<p>&nbsp;<\/p>\n<h5>10. Rechtsprechungsspezifische Datenschutzrechte<\/h5>\n<p>Die Gesetzgebung in einigen L\u00e4ndern kann Ihnen zus\u00e4tzliche Rechte in Bezug auf die Verwendung personenbezogener Daten durch uns einr\u00e4umen. Wenn Sie mehr \u00fcber zus\u00e4tzliche Rechte erfahren m\u00f6chten, die f\u00fcr Sie als Einwohner eines dieser L\u00e4nder gelten, lesen Sie bitte den Datenschutzzusatz f\u00fcr Ihr Land, der diesen Datenschutzhinweisen beigef\u00fcgt ist.<\/p>\n<p>&nbsp;<\/p>\n<h5>Ihre Rechte nach der Allgemeinen Datenschutzverordnung (\"GDPR\")<\/h5>\n<p>Wenn Sie Ihren Wohnsitz in der Volksrepublik China haben (\"China\", was ausschlie\u00dflich f\u00fcr die Zwecke dieser Erkl\u00e4rung Taiwan, Hongkong und Macau ausschlie\u00dft), haben Sie die zus\u00e4tzlichen Rechte, die im PIPL-Datenschutzzusatz zu dieser Erkl\u00e4rung beschrieben sind.<\/p>\n<p>&nbsp;<\/p>\n<h5>Ihre kalifornischen Datenschutzrechte<\/h5>\n<p>Wenn Sie in Kalifornien ans\u00e4ssig sind, haben Sie die zus\u00e4tzlichen Rechte, die im Zusatz zum Datenschutz in Kalifornien beschrieben sind.<\/p>\n<p>&nbsp;<\/p>\n<h5>11. Kontaktinformationen<\/h5>\n<p>Wenn Sie Fragen, Bedenken, Beschwerden oder Vorschl\u00e4ge zu dieser Erkl\u00e4rung haben oder W\u00fcnsche in Bezug auf die von uns \u00fcber Sie erfassten pers\u00f6nlichen Daten haben, k\u00f6nnen Sie sich an die Konzerngesellschaft, die diese Website betreibt, oder an unsere Konzernzentrale wenden:<\/p>\n<p>&nbsp;<\/p>\n<p>F\u00fcr die Kontaktinformationen unserer Corporate Affiliates:\u00a0<span style=\"color: #94c949;\"><a style=\"color: #94c949;\" href=\"https:\/\/www.idexcorp.com\/affiliates-list\/\">https:\/\/www.idexcorp.com\/affiliates-list\/<\/a><\/span><\/p>\n<p>F\u00fcr unseren Hauptsitz:\u00a0<span style=\"color: #94c949;\"><a style=\"color: #94c949;\" href=\"mailto:gbhdppa@idexcorp.com\">gbhdppa@idexcorp.com<\/a><\/span>\u00a0oder\u00a0<span style=\"color: #94c949;\"><a style=\"color: #94c949;\" href=\"mailto:privacy@idexcorp.com\">privacy@idexcorp.com<\/a><\/span><\/p>","protected":false},"excerpt":{"rendered":"<p>1. Geltungsbereich und Einf\u00fchrung f\u00fcr alle Website-Besucher Die Gast Manufacturing, Inc. Datenschutz<\/p>","protected":false},"author":1,"featured_media":2438,"parent":0,"menu_order":0,"comment_status":"closed","ping_status":"closed","template":"","meta":{"_acf_changed":false,"_relevanssi_hide_post":"","_relevanssi_hide_content":"","_relevanssi_pin_for_all":"","_relevanssi_pin_keywords":"","_relevanssi_unpin_keywords":"","_relevanssi_related_keywords":"","_relevanssi_related_include_ids":"","_relevanssi_related_exclude_ids":"","_relevanssi_related_no_append":"","_relevanssi_related_not_related":"","_relevanssi_related_posts":"","_relevanssi_noindex_reason":"","inline_featured_image":false,"slim_seo":{"title":"Datenschutzerkl\u00e4rung - Gast","description":"1. Geltungsbereich und Einf\u00fchrung f\u00fcr alle Website-Besucher Die Gast Manufacturing, Inc. (\"Erkl\u00e4rung\") erl\u00e4utert, wie personenbezogene Daten erhoben, verwendet und genutzt werden."},"footnotes":""},"class_list":["post-4098","page","type-page","status-publish","has-post-thumbnail","hentry"],"acf":[],"_links":{"self":[{"href":"https:\/\/gastmfg.com\/de\/wp-json\/wp\/v2\/pages\/4098","targetHints":{"allow":["GET"]}}],"collection":[{"href":"https:\/\/gastmfg.com\/de\/wp-json\/wp\/v2\/pages"}],"about":[{"href":"https:\/\/gastmfg.com\/de\/wp-json\/wp\/v2\/types\/page"}],"author":[{"embeddable":true,"href":"https:\/\/gastmfg.com\/de\/wp-json\/wp\/v2\/users\/1"}],"replies":[{"embeddable":true,"href":"https:\/\/gastmfg.com\/de\/wp-json\/wp\/v2\/comments?post=4098"}],"version-history":[{"count":0,"href":"https:\/\/gastmfg.com\/de\/wp-json\/wp\/v2\/pages\/4098\/revisions"}],"wp:featuredmedia":[{"embeddable":true,"href":"https:\/\/gastmfg.com\/de\/wp-json\/wp\/v2\/media\/2438"}],"wp:attachment":[{"href":"https:\/\/gastmfg.com\/de\/wp-json\/wp\/v2\/media?parent=4098"}],"curies":[{"name":"wp","href":"https:\/\/api.w.org\/{rel}","templated":true}]}}