{"id":3997,"date":"2025-08-19T06:50:46","date_gmt":"2025-08-19T10:50:46","guid":{"rendered":"https:\/\/gastmfg.com\/pneumatic-solutions\/clean-dry-air-copy-2\/"},"modified":"2025-09-23T22:56:16","modified_gmt":"2025-09-24T02:56:16","slug":"saubere-trockene-luft","status":"publish","type":"page","link":"https:\/\/gastmfg.com\/de\/pneumatic-solutions\/clean-dry-air\/","title":{"rendered":"Saubere, trockene Luft"},"content":{"rendered":"","protected":false},"excerpt":{"rendered":"","protected":false},"author":1,"featured_media":0,"parent":3983,"menu_order":0,"comment_status":"closed","ping_status":"closed","template":"template-innovative-features.php","meta":{"_acf_changed":false,"_relevanssi_hide_post":"","_relevanssi_hide_content":"","_relevanssi_pin_for_all":"","_relevanssi_pin_keywords":"","_relevanssi_unpin_keywords":"","_relevanssi_related_keywords":"","_relevanssi_related_include_ids":"","_relevanssi_related_exclude_ids":"","_relevanssi_related_no_append":"","_relevanssi_related_not_related":"","_relevanssi_related_posts":"","_relevanssi_noindex_reason":"","inline_featured_image":false,"slim_seo":{"title":"Gast Clean Dry Air Solutions | Zuverl\u00e4ssige feuchtigkeitsfreie Luftsysteme","description":"Entdecken Sie die sauberen Trockenluftl\u00f6sungen von Gast f\u00fcr Anwendungen, die feuchtigkeits- und schadstofffreie Luft ben\u00f6tigen. Ideal f\u00fcr die Industrie, das Gesundheitswesen und die Leistung von Pr\u00e4zisionsger\u00e4ten."},"footnotes":""},"class_list":["post-3997","page","type-page","status-publish","hentry"],"acf":[],"_links":{"self":[{"href":"https:\/\/gastmfg.com\/de\/wp-json\/wp\/v2\/pages\/3997","targetHints":{"allow":["GET"]}}],"collection":[{"href":"https:\/\/gastmfg.com\/de\/wp-json\/wp\/v2\/pages"}],"about":[{"href":"https:\/\/gastmfg.com\/de\/wp-json\/wp\/v2\/types\/page"}],"author":[{"embeddable":true,"href":"https:\/\/gastmfg.com\/de\/wp-json\/wp\/v2\/users\/1"}],"replies":[{"embeddable":true,"href":"https:\/\/gastmfg.com\/de\/wp-json\/wp\/v2\/comments?post=3997"}],"version-history":[{"count":0,"href":"https:\/\/gastmfg.com\/de\/wp-json\/wp\/v2\/pages\/3997\/revisions"}],"up":[{"embeddable":true,"href":"https:\/\/gastmfg.com\/de\/wp-json\/wp\/v2\/pages\/3983"}],"wp:attachment":[{"href":"https:\/\/gastmfg.com\/de\/wp-json\/wp\/v2\/media?parent=3997"}],"curies":[{"name":"wp","href":"https:\/\/api.w.org\/{rel}","templated":true}]}}