{"id":17,"date":"2025-03-28T19:05:46","date_gmt":"2025-03-28T19:05:46","guid":{"rendered":"https:\/\/gastmfg.com\/?page_id=17"},"modified":"2026-02-19T16:09:35","modified_gmt":"2026-02-19T21:09:35","slug":"home","status":"publish","type":"page","link":"https:\/\/gastmfg.com\/de\/","title":{"rendered":"Startseite"},"content":{"rendered":"","protected":false},"excerpt":{"rendered":"","protected":false},"author":1,"featured_media":0,"parent":0,"menu_order":0,"comment_status":"closed","ping_status":"closed","template":"template-home.php","meta":{"_acf_changed":false,"_relevanssi_hide_post":"","_relevanssi_hide_content":"","_relevanssi_pin_for_all":"","_relevanssi_pin_keywords":"","_relevanssi_unpin_keywords":"","_relevanssi_related_keywords":"","_relevanssi_related_include_ids":"","_relevanssi_related_exclude_ids":"","_relevanssi_related_no_append":"","_relevanssi_related_not_related":"","_relevanssi_related_posts":"","_relevanssi_noindex_reason":"","inline_featured_image":false,"slim_seo":{"title":"Gast Manufacturing | Pneumatische L\u00f6sungen, Luftkompressoren und Vakuumpumpen","description":"Entdecken Sie die branchenf\u00fchrenden pneumatischen L\u00f6sungen von Gast, einschlie\u00dflich Luftkompressoren, Vakuumpumpen, Gebl\u00e4se und Druckluftmotoren. Wir beliefern die Industrie, den Energiesektor, die Getr\u00e4nkeindustrie und das Gesundheitswesen mit innovativen, zuverl\u00e4ssigen Luftbewegungstechnologien."},"footnotes":""},"class_list":["post-17","page","type-page","status-publish","hentry"],"acf":[],"_links":{"self":[{"href":"https:\/\/gastmfg.com\/de\/wp-json\/wp\/v2\/pages\/17","targetHints":{"allow":["GET"]}}],"collection":[{"href":"https:\/\/gastmfg.com\/de\/wp-json\/wp\/v2\/pages"}],"about":[{"href":"https:\/\/gastmfg.com\/de\/wp-json\/wp\/v2\/types\/page"}],"author":[{"embeddable":true,"href":"https:\/\/gastmfg.com\/de\/wp-json\/wp\/v2\/users\/1"}],"replies":[{"embeddable":true,"href":"https:\/\/gastmfg.com\/de\/wp-json\/wp\/v2\/comments?post=17"}],"version-history":[{"count":0,"href":"https:\/\/gastmfg.com\/de\/wp-json\/wp\/v2\/pages\/17\/revisions"}],"wp:attachment":[{"href":"https:\/\/gastmfg.com\/de\/wp-json\/wp\/v2\/media?parent=17"}],"curies":[{"name":"wp","href":"https:\/\/api.w.org\/{rel}","templated":true}]}}