{"id":4072,"date":"2025-08-19T17:18:42","date_gmt":"2025-08-19T21:18:42","guid":{"rendered":"https:\/\/gastmfg.com\/careers-copy\/"},"modified":"2026-02-26T23:00:55","modified_gmt":"2026-02-27T04:00:55","slug":"carrieres","status":"publish","type":"page","link":"http:\/\/gastmfg.com\/fr\/careers\/","title":{"rendered":"Carri\u00e8res"},"content":{"rendered":"","protected":false},"excerpt":{"rendered":"","protected":false},"author":1,"featured_media":0,"parent":0,"menu_order":0,"comment_status":"closed","ping_status":"closed","template":"template-careers.php","meta":{"_acf_changed":false,"_relevanssi_hide_post":"","_relevanssi_hide_content":"","_relevanssi_pin_for_all":"","_relevanssi_pin_keywords":"","_relevanssi_unpin_keywords":"","_relevanssi_related_keywords":"","_relevanssi_related_include_ids":"","_relevanssi_related_exclude_ids":"","_relevanssi_related_no_append":"","_relevanssi_related_not_related":"","_relevanssi_related_posts":"","_relevanssi_noindex_reason":"","inline_featured_image":false,"slim_seo":{"title":"Gast Careers | Rejoignez notre \u00e9quipe dans l'innovation pneumatique","description":"D\u00e9couvrez les opportunit\u00e9s de carri\u00e8re chez Gast \u00e0 Benton Harbor, MI. Rejoignez une \u00e9quipe collaborative, ax\u00e9e sur la croissance, avec des avantages comp\u00e9titifs, un d\u00e9veloppement professionnel et une culture fond\u00e9e sur l'innovation et la communaut\u00e9."},"footnotes":""},"class_list":["post-4072","page","type-page","status-publish","hentry"],"acf":[],"_links":{"self":[{"href":"http:\/\/gastmfg.com\/fr\/wp-json\/wp\/v2\/pages\/4072","targetHints":{"allow":["GET"]}}],"collection":[{"href":"http:\/\/gastmfg.com\/fr\/wp-json\/wp\/v2\/pages"}],"about":[{"href":"http:\/\/gastmfg.com\/fr\/wp-json\/wp\/v2\/types\/page"}],"author":[{"embeddable":true,"href":"http:\/\/gastmfg.com\/fr\/wp-json\/wp\/v2\/users\/1"}],"replies":[{"embeddable":true,"href":"http:\/\/gastmfg.com\/fr\/wp-json\/wp\/v2\/comments?post=4072"}],"version-history":[{"count":0,"href":"http:\/\/gastmfg.com\/fr\/wp-json\/wp\/v2\/pages\/4072\/revisions"}],"wp:attachment":[{"href":"http:\/\/gastmfg.com\/fr\/wp-json\/wp\/v2\/media?parent=4072"}],"curies":[{"name":"wp","href":"https:\/\/api.w.org\/{rel}","templated":true}]}}