{"id":4011,"date":"2025-08-19T07:12:11","date_gmt":"2025-08-19T11:12:11","guid":{"rendered":"https:\/\/gastmfg.com\/pneumatic-solutions\/industry-challenges-copy\/"},"modified":"2025-09-23T22:45:57","modified_gmt":"2025-09-24T02:45:57","slug":"les-defis-de-lindustrie","status":"publish","type":"page","link":"http:\/\/gastmfg.com\/fr\/pneumatic-solutions\/industry-challenges\/","title":{"rendered":"Les d\u00e9fis de l'industrie"},"content":{"rendered":"","protected":false},"excerpt":{"rendered":"","protected":false},"author":1,"featured_media":0,"parent":3983,"menu_order":0,"comment_status":"closed","ping_status":"closed","template":"template-industry-challenges.php","meta":{"_acf_changed":false,"_relevanssi_hide_post":"","_relevanssi_hide_content":"","_relevanssi_pin_for_all":"","_relevanssi_pin_keywords":"","_relevanssi_unpin_keywords":"","_relevanssi_related_keywords":"","_relevanssi_related_include_ids":"","_relevanssi_related_exclude_ids":"","_relevanssi_related_no_append":"","_relevanssi_related_not_related":"","_relevanssi_related_posts":"","_relevanssi_noindex_reason":"","inline_featured_image":false,"slim_seo":{"title":"Gast Industry Challenges - Des solutions pneumatiques sur mesure pour des besoins complexes","description":"D\u00e9couvrez comment Gast rel\u00e8ve les d\u00e9fis de l'industrie avec des solutions pneumatiques personnalis\u00e9es, am\u00e9liorant l'efficacit\u00e9, la fiabilit\u00e9 et la performance dans diverses applications."},"footnotes":""},"class_list":["post-4011","page","type-page","status-publish","hentry"],"acf":[],"_links":{"self":[{"href":"http:\/\/gastmfg.com\/fr\/wp-json\/wp\/v2\/pages\/4011","targetHints":{"allow":["GET"]}}],"collection":[{"href":"http:\/\/gastmfg.com\/fr\/wp-json\/wp\/v2\/pages"}],"about":[{"href":"http:\/\/gastmfg.com\/fr\/wp-json\/wp\/v2\/types\/page"}],"author":[{"embeddable":true,"href":"http:\/\/gastmfg.com\/fr\/wp-json\/wp\/v2\/users\/1"}],"replies":[{"embeddable":true,"href":"http:\/\/gastmfg.com\/fr\/wp-json\/wp\/v2\/comments?post=4011"}],"version-history":[{"count":0,"href":"http:\/\/gastmfg.com\/fr\/wp-json\/wp\/v2\/pages\/4011\/revisions"}],"up":[{"embeddable":true,"href":"http:\/\/gastmfg.com\/fr\/wp-json\/wp\/v2\/pages\/3983"}],"wp:attachment":[{"href":"http:\/\/gastmfg.com\/fr\/wp-json\/wp\/v2\/media?parent=4011"}],"curies":[{"name":"wp","href":"https:\/\/api.w.org\/{rel}","templated":true}]}}