{"id":5104,"date":"2025-11-18T14:34:36","date_gmt":"2025-11-18T19:34:36","guid":{"rendered":"https:\/\/gastmfg.com\/sustainability-copy\/"},"modified":"2026-01-19T15:44:18","modified_gmt":"2026-01-19T20:44:18","slug":"sostenibilidad","status":"publish","type":"page","link":"http:\/\/gastmfg.com\/es\/sustainability\/","title":{"rendered":"Sostenibilidad"},"content":{"rendered":"","protected":false},"excerpt":{"rendered":"","protected":false},"author":1,"featured_media":0,"parent":0,"menu_order":0,"comment_status":"closed","ping_status":"closed","template":"template-sustainability-new.php","meta":{"_acf_changed":false,"_relevanssi_hide_post":"","_relevanssi_hide_content":"","_relevanssi_pin_for_all":"","_relevanssi_pin_keywords":"","_relevanssi_unpin_keywords":"","_relevanssi_related_keywords":"","_relevanssi_related_include_ids":"","_relevanssi_related_exclude_ids":"","_relevanssi_related_no_append":"","_relevanssi_related_not_related":"","_relevanssi_related_posts":"","_relevanssi_noindex_reason":"","inline_featured_image":false,"slim_seo":{"title":"Gast Sustainability | Neum\u00e1tica energ\u00e9ticamente eficiente y gobernanza \u00e9tica","description":"Descubra el compromiso de Gast con la sostenibilidad a trav\u00e9s de soluciones neum\u00e1ticas que ahorran energ\u00eda, la fabricaci\u00f3n sostenible, la gobernanza \u00e9tica y el impacto en la comunidad, en l\u00ednea con los Objetivos de Desarrollo Sostenible de la ONU."},"footnotes":""},"class_list":["post-5104","page","type-page","status-publish","hentry"],"acf":[],"_links":{"self":[{"href":"http:\/\/gastmfg.com\/es\/wp-json\/wp\/v2\/pages\/5104","targetHints":{"allow":["GET"]}}],"collection":[{"href":"http:\/\/gastmfg.com\/es\/wp-json\/wp\/v2\/pages"}],"about":[{"href":"http:\/\/gastmfg.com\/es\/wp-json\/wp\/v2\/types\/page"}],"author":[{"embeddable":true,"href":"http:\/\/gastmfg.com\/es\/wp-json\/wp\/v2\/users\/1"}],"replies":[{"embeddable":true,"href":"http:\/\/gastmfg.com\/es\/wp-json\/wp\/v2\/comments?post=5104"}],"version-history":[{"count":0,"href":"http:\/\/gastmfg.com\/es\/wp-json\/wp\/v2\/pages\/5104\/revisions"}],"wp:attachment":[{"href":"http:\/\/gastmfg.com\/es\/wp-json\/wp\/v2\/media?parent=5104"}],"curies":[{"name":"wp","href":"https:\/\/api.w.org\/{rel}","templated":true}]}}