{"id":4111,"date":"2025-08-19T20:01:49","date_gmt":"2025-08-20T00:01:49","guid":{"rendered":"https:\/\/gastmfg.com\/idex-foundation-copy\/"},"modified":"2026-03-09T14:52:50","modified_gmt":"2026-03-09T18:52:50","slug":"fundacion-idex","status":"publish","type":"page","link":"http:\/\/gastmfg.com\/es\/idex-foundation\/","title":{"rendered":"Fundaci\u00f3n IDEX"},"content":{"rendered":"","protected":false},"excerpt":{"rendered":"","protected":false},"author":1,"featured_media":0,"parent":0,"menu_order":0,"comment_status":"closed","ping_status":"closed","template":"template-idex-foundation.php","meta":{"_acf_changed":false,"_relevanssi_hide_post":"","_relevanssi_hide_content":"","_relevanssi_pin_for_all":"","_relevanssi_pin_keywords":"","_relevanssi_unpin_keywords":"","_relevanssi_related_keywords":"","_relevanssi_related_include_ids":"","_relevanssi_related_exclude_ids":"","_relevanssi_related_no_append":"","_relevanssi_related_not_related":"","_relevanssi_related_posts":"","_relevanssi_noindex_reason":"","inline_featured_image":false,"slim_seo":{"title":"Fundaci\u00f3n IDEX | Gast's Community &amp; Charitable Giving","description":"Explore la Fundaci\u00f3n IDEX -la rama ben\u00e9fica de la empresa matriz de Gast- que apoya el voluntariado de los empleados, las subvenciones y el impacto en la comunidad a trav\u00e9s de iniciativas en salud, educaci\u00f3n, medio ambiente y liderazgo."},"footnotes":""},"class_list":["post-4111","page","type-page","status-publish","hentry"],"acf":[],"_links":{"self":[{"href":"http:\/\/gastmfg.com\/es\/wp-json\/wp\/v2\/pages\/4111","targetHints":{"allow":["GET"]}}],"collection":[{"href":"http:\/\/gastmfg.com\/es\/wp-json\/wp\/v2\/pages"}],"about":[{"href":"http:\/\/gastmfg.com\/es\/wp-json\/wp\/v2\/types\/page"}],"author":[{"embeddable":true,"href":"http:\/\/gastmfg.com\/es\/wp-json\/wp\/v2\/users\/1"}],"replies":[{"embeddable":true,"href":"http:\/\/gastmfg.com\/es\/wp-json\/wp\/v2\/comments?post=4111"}],"version-history":[{"count":0,"href":"http:\/\/gastmfg.com\/es\/wp-json\/wp\/v2\/pages\/4111\/revisions"}],"wp:attachment":[{"href":"http:\/\/gastmfg.com\/es\/wp-json\/wp\/v2\/media?parent=4111"}],"curies":[{"name":"wp","href":"https:\/\/api.w.org\/{rel}","templated":true}]}}