{"id":4102,"date":"2025-08-19T19:44:59","date_gmt":"2025-08-19T23:44:59","guid":{"rendered":"https:\/\/gastmfg.com\/video-gallery-copy\/"},"modified":"2025-10-22T19:40:28","modified_gmt":"2025-10-22T23:40:28","slug":"galeria-de-videos","status":"publish","type":"page","link":"http:\/\/gastmfg.com\/es\/video-gallery\/","title":{"rendered":"Galer\u00eda de v\u00eddeos"},"content":{"rendered":"","protected":false},"excerpt":{"rendered":"","protected":false},"author":1,"featured_media":0,"parent":0,"menu_order":0,"comment_status":"closed","ping_status":"closed","template":"template-video-gallery.php","meta":{"_acf_changed":false,"_relevanssi_hide_post":"","_relevanssi_hide_content":"","_relevanssi_pin_for_all":"","_relevanssi_pin_keywords":"","_relevanssi_unpin_keywords":"","_relevanssi_related_keywords":"","_relevanssi_related_include_ids":"","_relevanssi_related_exclude_ids":"","_relevanssi_related_no_append":"","_relevanssi_related_not_related":"","_relevanssi_related_posts":"","_relevanssi_noindex_reason":"","inline_featured_image":false,"slim_seo":{"title":"Galer\u00eda de v\u00eddeos | Soluciones neum\u00e1ticas de Gast Manufacturing","description":"Explore la galer\u00eda de v\u00eddeos de Gast Manufacturing: descubra demostraciones de productos, consejos de mantenimiento y casos pr\u00e1cticos que muestran sus avanzadas soluciones de bombas neum\u00e1ticas, soplantes y de vac\u00edo para los sectores industrial, energ\u00e9tico, de las bebidas y del bienestar."},"footnotes":""},"class_list":["post-4102","page","type-page","status-publish","hentry"],"acf":[],"_links":{"self":[{"href":"http:\/\/gastmfg.com\/es\/wp-json\/wp\/v2\/pages\/4102","targetHints":{"allow":["GET"]}}],"collection":[{"href":"http:\/\/gastmfg.com\/es\/wp-json\/wp\/v2\/pages"}],"about":[{"href":"http:\/\/gastmfg.com\/es\/wp-json\/wp\/v2\/types\/page"}],"author":[{"embeddable":true,"href":"http:\/\/gastmfg.com\/es\/wp-json\/wp\/v2\/users\/1"}],"replies":[{"embeddable":true,"href":"http:\/\/gastmfg.com\/es\/wp-json\/wp\/v2\/comments?post=4102"}],"version-history":[{"count":0,"href":"http:\/\/gastmfg.com\/es\/wp-json\/wp\/v2\/pages\/4102\/revisions"}],"wp:attachment":[{"href":"http:\/\/gastmfg.com\/es\/wp-json\/wp\/v2\/media?parent=4102"}],"curies":[{"name":"wp","href":"https:\/\/api.w.org\/{rel}","templated":true}]}}