{"id":4055,"date":"2025-08-19T16:38:03","date_gmt":"2025-08-19T20:38:03","guid":{"rendered":"https:\/\/gastmfg.com\/pneumatic-solutions\/scalability-copy\/"},"modified":"2025-09-23T22:55:01","modified_gmt":"2025-09-24T02:55:01","slug":"escalabilidad","status":"publish","type":"page","link":"http:\/\/gastmfg.com\/es\/pneumatic-solutions\/scalability\/","title":{"rendered":"Escalabilidad"},"content":{"rendered":"","protected":false},"excerpt":{"rendered":"","protected":false},"author":1,"featured_media":0,"parent":3983,"menu_order":0,"comment_status":"closed","ping_status":"closed","template":"template-innovative-features.php","meta":{"_acf_changed":false,"_relevanssi_hide_post":"","_relevanssi_hide_content":"","_relevanssi_pin_for_all":"","_relevanssi_pin_keywords":"","_relevanssi_unpin_keywords":"","_relevanssi_related_keywords":"","_relevanssi_related_include_ids":"","_relevanssi_related_exclude_ids":"","_relevanssi_related_no_append":"","_relevanssi_related_not_related":"","_relevanssi_related_posts":"","_relevanssi_noindex_reason":"","inline_featured_image":false,"slim_seo":{"title":"Soluciones neum\u00e1ticas escalables Gast | Sistemas modulares que puede ampliar","description":"Descubra los sistemas neum\u00e1ticos escalables de Gast con dise\u00f1os modulares y montaje estandarizado para una integraci\u00f3n perfecta y un control adaptable del flujo de aire en compresores, soplantes y bombas de vac\u00edo."},"footnotes":""},"class_list":["post-4055","page","type-page","status-publish","hentry"],"acf":[],"_links":{"self":[{"href":"http:\/\/gastmfg.com\/es\/wp-json\/wp\/v2\/pages\/4055","targetHints":{"allow":["GET"]}}],"collection":[{"href":"http:\/\/gastmfg.com\/es\/wp-json\/wp\/v2\/pages"}],"about":[{"href":"http:\/\/gastmfg.com\/es\/wp-json\/wp\/v2\/types\/page"}],"author":[{"embeddable":true,"href":"http:\/\/gastmfg.com\/es\/wp-json\/wp\/v2\/users\/1"}],"replies":[{"embeddable":true,"href":"http:\/\/gastmfg.com\/es\/wp-json\/wp\/v2\/comments?post=4055"}],"version-history":[{"count":0,"href":"http:\/\/gastmfg.com\/es\/wp-json\/wp\/v2\/pages\/4055\/revisions"}],"up":[{"embeddable":true,"href":"http:\/\/gastmfg.com\/es\/wp-json\/wp\/v2\/pages\/3983"}],"wp:attachment":[{"href":"http:\/\/gastmfg.com\/es\/wp-json\/wp\/v2\/media?parent=4055"}],"curies":[{"name":"wp","href":"https:\/\/api.w.org\/{rel}","templated":true}]}}