{"id":4064,"date":"2025-08-19T16:48:28","date_gmt":"2025-08-19T20:48:28","guid":{"rendered":"https:\/\/gastmfg.com\/about-us-copy\/"},"modified":"2025-09-23T23:00:45","modified_gmt":"2025-09-24T03:00:45","slug":"uber-uns","status":"publish","type":"page","link":"http:\/\/gastmfg.com\/de\/about-us\/","title":{"rendered":"\u00dcber uns"},"content":{"rendered":"","protected":false},"excerpt":{"rendered":"","protected":false},"author":1,"featured_media":0,"parent":0,"menu_order":0,"comment_status":"closed","ping_status":"closed","template":"template-about-us.php","meta":{"_acf_changed":false,"_relevanssi_hide_post":"","_relevanssi_hide_content":"","_relevanssi_pin_for_all":"","_relevanssi_pin_keywords":"","_relevanssi_unpin_keywords":"","_relevanssi_related_keywords":"","_relevanssi_related_include_ids":"","_relevanssi_related_exclude_ids":"","_relevanssi_related_no_append":"","_relevanssi_related_not_related":"","_relevanssi_related_posts":"","_relevanssi_noindex_reason":"","inline_featured_image":false,"slim_seo":{"title":"\u00dcber Gast Manufacturing | Innovatoren f\u00fcr pneumatische L\u00f6sungen seit 1921","description":"Erfahren Sie mehr \u00fcber die jahrhundertelange Erfahrung von Gast Manufacturing in der Pneumatiktechnologie. Von Luftkompressoren bis hin zu kundenspezifischen L\u00f6sungen arbeiten wir mit Industrien auf der ganzen Welt zusammen, um zuverl\u00e4ssige, innovative Luftbewegungssysteme zu liefern."},"footnotes":""},"class_list":["post-4064","page","type-page","status-publish","hentry"],"acf":[],"_links":{"self":[{"href":"http:\/\/gastmfg.com\/de\/wp-json\/wp\/v2\/pages\/4064","targetHints":{"allow":["GET"]}}],"collection":[{"href":"http:\/\/gastmfg.com\/de\/wp-json\/wp\/v2\/pages"}],"about":[{"href":"http:\/\/gastmfg.com\/de\/wp-json\/wp\/v2\/types\/page"}],"author":[{"embeddable":true,"href":"http:\/\/gastmfg.com\/de\/wp-json\/wp\/v2\/users\/1"}],"replies":[{"embeddable":true,"href":"http:\/\/gastmfg.com\/de\/wp-json\/wp\/v2\/comments?post=4064"}],"version-history":[{"count":0,"href":"http:\/\/gastmfg.com\/de\/wp-json\/wp\/v2\/pages\/4064\/revisions"}],"wp:attachment":[{"href":"http:\/\/gastmfg.com\/de\/wp-json\/wp\/v2\/media?parent=4064"}],"curies":[{"name":"wp","href":"https:\/\/api.w.org\/{rel}","templated":true}]}}